{"id":28392,"date":"2021-11-18T09:11:18","date_gmt":"2021-11-18T15:11:18","guid":{"rendered":"https:\/\/ermco-eci.com\/?page_id=28392"},"modified":"2026-03-25T08:47:42","modified_gmt":"2026-03-25T13:47:42","slug":"eco-pad","status":"publish","type":"page","link":"https:\/\/www.ermco-eci.com\/fr\/ermco\/eco-pad\/","title":{"rendered":"ECO-PAD"},"content":{"rendered":"<div data-elementor-type=\"wp-page\" data-elementor-id=\"28392\" class=\"elementor elementor-28392\" data-elementor-settings=\"{&quot;ha_cmc_init_switcher&quot;:&quot;no&quot;}\" data-elementor-post-type=\"page\">\n\t\t\t\t\t\t<section class=\"elementor-section elementor-top-section elementor-element elementor-element-93190bc elementor-section-boxed elementor-section-height-default elementor-section-height-default\" data-id=\"93190bc\" data-element_type=\"section\" data-e-type=\"section\" data-settings=\"{&quot;background_background&quot;:&quot;classic&quot;,&quot;_ha_eqh_enable&quot;:false}\">\n\t\t\t\t\t\t<div class=\"elementor-container elementor-column-gap-default\">\n\t\t\t\t\t<div class=\"elementor-column elementor-col-100 elementor-top-column elementor-element elementor-element-4628fd0\" data-id=\"4628fd0\" data-element_type=\"column\" data-e-type=\"column\" data-settings=\"{&quot;animation&quot;:&quot;none&quot;,&quot;animation_delay&quot;:200}\">\n\t\t\t<div class=\"elementor-widget-wrap elementor-element-populated\">\n\t\t\t\t\t\t<div class=\"elementor-element elementor-element-a5e58a5 elementor-widget elementor-widget-button\" data-id=\"a5e58a5\" data-element_type=\"widget\" data-e-type=\"widget\" data-widget_type=\"button.default\">\n\t\t\t\t<div class=\"elementor-widget-container\">\n\t\t\t\t\t\t\t\t\t<div class=\"elementor-button-wrapper\">\n\t\t\t\t\t<a class=\"elementor-button elementor-button-link elementor-size-sm\" href=\"https:\/\/www.ermco-eci.com\/fr\/ermco\/\" id=\"go-back\">\n\t\t\t\t\t\t<span class=\"elementor-button-content-wrapper\">\n\t\t\t\t\t\t<span class=\"elementor-button-icon\">\n\t\t\t\t<i aria-hidden=\"true\" class=\"hm hm-arrow-left\"><\/i>\t\t\t<\/span>\n\t\t\t\t\t\t\t\t\t<span class=\"elementor-button-text\">Retour<\/span>\n\t\t\t\t\t<\/span>\n\t\t\t\t\t<\/a>\n\t\t\t\t<\/div>\n\t\t\t\t\t\t\t\t<\/div>\n\t\t\t\t<\/div>\n\t\t\t\t\t<\/div>\n\t\t<\/div>\n\t\t\t\t\t<\/div>\n\t\t<\/section>\n\t\t\t\t<section class=\"elementor-section elementor-top-section elementor-element elementor-element-1fb715d elementor-section-boxed elementor-section-height-default elementor-section-height-default\" data-id=\"1fb715d\" data-element_type=\"section\" data-e-type=\"section\" data-settings=\"{&quot;background_background&quot;:&quot;classic&quot;,&quot;_ha_eqh_enable&quot;:false}\">\n\t\t\t\t\t\t<div class=\"elementor-container elementor-column-gap-default\">\n\t\t\t\t\t<div class=\"elementor-column elementor-col-50 elementor-top-column elementor-element elementor-element-fc121ae animated-slow elementor-invisible\" data-id=\"fc121ae\" data-element_type=\"column\" data-e-type=\"column\" data-settings=\"{&quot;animation&quot;:&quot;fadeInUp&quot;,&quot;animation_delay&quot;:250}\">\n\t\t\t<div class=\"elementor-widget-wrap elementor-element-populated\">\n\t\t\t\t\t\t<div class=\"elementor-element elementor-element-eccb25a elementor-widget elementor-widget-image\" data-id=\"eccb25a\" data-element_type=\"widget\" data-e-type=\"widget\" data-widget_type=\"image.default\">\n\t\t\t\t<div class=\"elementor-widget-container\">\n\t\t\t\t\t\t\t\t\t\t\t\t\t\t\t<img fetchpriority=\"high\" decoding=\"async\" data-attachment-id=\"13648\" data-permalink=\"https:\/\/www.ermco-eci.com\/fr\/820x610\/\" data-orig-file=\"https:\/\/www.ermco-eci.com\/wp-content\/uploads\/2021\/08\/820x610.jpg\" data-orig-size=\"820,610\" data-comments-opened=\"1\" data-image-meta=\"{&quot;aperture&quot;:&quot;0&quot;,&quot;credit&quot;:&quot;&quot;,&quot;camera&quot;:&quot;&quot;,&quot;caption&quot;:&quot;&quot;,&quot;created_timestamp&quot;:&quot;0&quot;,&quot;copyright&quot;:&quot;&quot;,&quot;focal_length&quot;:&quot;0&quot;,&quot;iso&quot;:&quot;0&quot;,&quot;shutter_speed&quot;:&quot;0&quot;,&quot;title&quot;:&quot;&quot;,&quot;orientation&quot;:&quot;1&quot;}\" data-image-title=\"DELETE 11-01-21\" data-image-description=\"\" data-image-caption=\"&lt;p&gt;Single Phase Pad Page&lt;\/p&gt;\" data-medium-file=\"https:\/\/www.ermco-eci.com\/wp-content\/uploads\/2021\/08\/820x610-300x223.jpg\" data-large-file=\"https:\/\/www.ermco-eci.com\/wp-content\/uploads\/2021\/08\/820x610.jpg\" width=\"820\" height=\"610\" src=\"https:\/\/www.ermco-eci.com\/wp-content\/uploads\/2021\/08\/820x610.jpg\" class=\"attachment-full size-full wp-image-13648\" alt=\"\" srcset=\"https:\/\/www.ermco-eci.com\/wp-content\/uploads\/2021\/08\/820x610.jpg 820w, https:\/\/www.ermco-eci.com\/wp-content\/uploads\/2021\/08\/820x610-300x223.jpg 300w, https:\/\/www.ermco-eci.com\/wp-content\/uploads\/2021\/08\/820x610-768x571.jpg 768w\" sizes=\"(max-width: 820px) 100vw, 820px\" \/>\t\t\t\t\t\t\t\t\t\t\t\t\t\t\t<\/div>\n\t\t\t\t<\/div>\n\t\t\t\t\t<\/div>\n\t\t<\/div>\n\t\t\t\t<div class=\"elementor-column elementor-col-50 elementor-top-column elementor-element elementor-element-63754a3 animated-slow elementor-invisible\" data-id=\"63754a3\" data-element_type=\"column\" data-e-type=\"column\" data-settings=\"{&quot;animation&quot;:&quot;fadeInUp&quot;,&quot;animation_delay&quot;:250}\">\n\t\t\t<div class=\"elementor-widget-wrap elementor-element-populated\">\n\t\t\t\t\t\t<div class=\"elementor-element elementor-element-609ff59 elementor-widget elementor-widget-heading\" data-id=\"609ff59\" data-element_type=\"widget\" data-e-type=\"widget\" data-widget_type=\"heading.default\">\n\t\t\t\t<div class=\"elementor-widget-container\">\n\t\t\t\t\t<h2 class=\"elementor-heading-title elementor-size-default\">ECO-PAD Types 1, 2, 3<\/h2>\t\t\t\t<\/div>\n\t\t\t\t<\/div>\n\t\t\t\t<div class=\"elementor-element elementor-element-1d08baf elementor-widget elementor-widget-toggle\" data-id=\"1d08baf\" data-element_type=\"widget\" data-e-type=\"widget\" data-widget_type=\"toggle.default\">\n\t\t\t\t<div class=\"elementor-widget-container\">\n\t\t\t\t\t\t\t<div class=\"elementor-toggle\">\n\t\t\t\t\t\t\t<div class=\"elementor-toggle-item\">\n\t\t\t\t\t<div id=\"elementor-tab-title-3041\" class=\"elementor-tab-title\" data-tab=\"1\" role=\"button\" aria-controls=\"elementor-tab-content-3041\" aria-expanded=\"false\">\n\t\t\t\t\t\t\t\t\t\t\t\t<span class=\"elementor-toggle-icon elementor-toggle-icon-left\" aria-hidden=\"true\">\n\t\t\t\t\t\t\t\t\t\t\t\t\t\t\t<span class=\"elementor-toggle-icon-closed\"><i class=\"fas fa-caret-right\"><\/i><\/span>\n\t\t\t\t\t\t\t\t<span class=\"elementor-toggle-icon-opened\"><i class=\"elementor-toggle-icon-opened fas fa-caret-up\"><\/i><\/span>\n\t\t\t\t\t\t\t\t\t\t\t\t\t<\/span>\n\t\t\t\t\t\t\t\t\t\t\t\t<a class=\"elementor-toggle-title\" tabindex=\"0\">Information<\/a>\n\t\t\t\t\t<\/div>\n\n\t\t\t\t\t<div id=\"elementor-tab-content-3041\" class=\"elementor-tab-content elementor-clearfix\" data-tab=\"1\" role=\"region\" aria-labelledby=\"elementor-tab-title-3041\"><p>L'ECO-Pad d'ERMCO est une armoire de jonction remplie d'huile et mont\u00e9e sur socle, compos\u00e9e de travers\u00e9es de source et de charge en combinaison avec des fusibles et des interrupteurs de rupture de charge.<\/p><p><img decoding=\"async\" class=\"alignleft\" src=\"https:\/\/ermco-eci.com\/wp-content\/uploads\/2021\/11\/11-18-21-ECO-PAD-FP001.gif\" \/><\/p><p>La photo montre l'Eco-Pad FP001 avec trois puits et inserts de 200 amp\u00e8res et un ensemble de fusibles bay-o-net. H1a et H1b sont reli\u00e9s par un bus selon la m\u00eame disposition qu'un transformateur de distribution monophas\u00e9 typique mont\u00e9 sur socle. H2 en s\u00e9rie avec un fusible bay-o-net est connect\u00e9 au bus de boucle \u00e0 l'int\u00e9rieur de l'ECO-Pad, fournissant ainsi une prise radiale \u00e0 fusible de la boucle d'alimentation principale.<\/p><p>\u00c0 8 kV, l'ensemble baie-r\u00e9seau peut \u00eatre prot\u00e9g\u00e9 par des fusibles jusqu'\u00e0 65 amp\u00e8res, ce qui permet de prot\u00e9ger 468 kVA de charge monophas\u00e9e.<\/p><\/div>\n\t\t\t\t<\/div>\n\t\t\t\t\t\t\t<div class=\"elementor-toggle-item\">\n\t\t\t\t\t<div id=\"elementor-tab-title-3042\" class=\"elementor-tab-title\" data-tab=\"2\" role=\"button\" aria-controls=\"elementor-tab-content-3042\" aria-expanded=\"false\">\n\t\t\t\t\t\t\t\t\t\t\t\t<span class=\"elementor-toggle-icon elementor-toggle-icon-left\" aria-hidden=\"true\">\n\t\t\t\t\t\t\t\t\t\t\t\t\t\t\t<span class=\"elementor-toggle-icon-closed\"><i class=\"fas fa-caret-right\"><\/i><\/span>\n\t\t\t\t\t\t\t\t<span class=\"elementor-toggle-icon-opened\"><i class=\"elementor-toggle-icon-opened fas fa-caret-up\"><\/i><\/span>\n\t\t\t\t\t\t\t\t\t\t\t\t\t<\/span>\n\t\t\t\t\t\t\t\t\t\t\t\t<a class=\"elementor-toggle-title\" tabindex=\"0\">Type 1<\/a>\n\t\t\t\t\t<\/div>\n\n\t\t\t\t\t<div id=\"elementor-tab-content-3042\" class=\"elementor-tab-content elementor-clearfix\" data-tab=\"2\" role=\"region\" aria-labelledby=\"elementor-tab-title-3042\"><p><a href=\"https:\/\/ermco-eci.com\/wp-content\/uploads\/2021\/11\/11-18-21-ECO-Pad-Type-1-Drawing.pdf\" target=\"_blank\" rel=\"noopener\">Le type 1 est l\u00e9g\u00e8rement plus grand, ce qui permet d'augmenter le nombre de sources, de prises et de commutateurs.<\/a><\/p><\/div>\n\t\t\t\t<\/div>\n\t\t\t\t\t\t\t<div class=\"elementor-toggle-item\">\n\t\t\t\t\t<div id=\"elementor-tab-title-3043\" class=\"elementor-tab-title\" data-tab=\"3\" role=\"button\" aria-controls=\"elementor-tab-content-3043\" aria-expanded=\"false\">\n\t\t\t\t\t\t\t\t\t\t\t\t<span class=\"elementor-toggle-icon elementor-toggle-icon-left\" aria-hidden=\"true\">\n\t\t\t\t\t\t\t\t\t\t\t\t\t\t\t<span class=\"elementor-toggle-icon-closed\"><i class=\"fas fa-caret-right\"><\/i><\/span>\n\t\t\t\t\t\t\t\t<span class=\"elementor-toggle-icon-opened\"><i class=\"elementor-toggle-icon-opened fas fa-caret-up\"><\/i><\/span>\n\t\t\t\t\t\t\t\t\t\t\t\t\t<\/span>\n\t\t\t\t\t\t\t\t\t\t\t\t<a class=\"elementor-toggle-title\" tabindex=\"0\">Type 2<\/a>\n\t\t\t\t\t<\/div>\n\n\t\t\t\t\t<div id=\"elementor-tab-content-3043\" class=\"elementor-tab-content elementor-clearfix\" data-tab=\"3\" role=\"region\" aria-labelledby=\"elementor-tab-title-3043\"><p><a href=\"https:\/\/ermco-eci.com\/wp-content\/uploads\/2021\/11\/11-18-21-ECO-Pad-Type-2-Drawing.pdf\" target=\"_blank\" rel=\"noopener\">Le type 2 est le plus compact et repr\u00e9sente les configurations de base.<\/a><\/p><\/div>\n\t\t\t\t<\/div>\n\t\t\t\t\t\t\t<div class=\"elementor-toggle-item\">\n\t\t\t\t\t<div id=\"elementor-tab-title-3044\" class=\"elementor-tab-title\" data-tab=\"4\" role=\"button\" aria-controls=\"elementor-tab-content-3044\" aria-expanded=\"false\">\n\t\t\t\t\t\t\t\t\t\t\t\t<span class=\"elementor-toggle-icon elementor-toggle-icon-left\" aria-hidden=\"true\">\n\t\t\t\t\t\t\t\t\t\t\t\t\t\t\t<span class=\"elementor-toggle-icon-closed\"><i class=\"fas fa-caret-right\"><\/i><\/span>\n\t\t\t\t\t\t\t\t<span class=\"elementor-toggle-icon-opened\"><i class=\"elementor-toggle-icon-opened fas fa-caret-up\"><\/i><\/span>\n\t\t\t\t\t\t\t\t\t\t\t\t\t<\/span>\n\t\t\t\t\t\t\t\t\t\t\t\t<a class=\"elementor-toggle-title\" tabindex=\"0\">Type 3<\/a>\n\t\t\t\t\t<\/div>\n\n\t\t\t\t\t<div id=\"elementor-tab-content-3044\" class=\"elementor-tab-content elementor-clearfix\" data-tab=\"4\" role=\"region\" aria-labelledby=\"elementor-tab-title-3044\"><p><a href=\"https:\/\/ermco-eci.com\/wp-content\/uploads\/2021\/11\/11-18-21-ECO-Pad-Type-3-Drawing.pdf\" target=\"_blank\" rel=\"noopener\">Le type 3 est le plus grand ECO-Pad et permet d'accueillir un plus grand nombre de configurations de sources et de prises triphas\u00e9es.<\/a><\/p><\/div>\n\t\t\t\t<\/div>\n\t\t\t\t\t\t\t<div class=\"elementor-toggle-item\">\n\t\t\t\t\t<div id=\"elementor-tab-title-3045\" class=\"elementor-tab-title\" data-tab=\"5\" role=\"button\" aria-controls=\"elementor-tab-content-3045\" aria-expanded=\"false\">\n\t\t\t\t\t\t\t\t\t\t\t\t<span class=\"elementor-toggle-icon elementor-toggle-icon-left\" aria-hidden=\"true\">\n\t\t\t\t\t\t\t\t\t\t\t\t\t\t\t<span class=\"elementor-toggle-icon-closed\"><i class=\"fas fa-caret-right\"><\/i><\/span>\n\t\t\t\t\t\t\t\t<span class=\"elementor-toggle-icon-opened\"><i class=\"elementor-toggle-icon-opened fas fa-caret-up\"><\/i><\/span>\n\t\t\t\t\t\t\t\t\t\t\t\t\t<\/span>\n\t\t\t\t\t\t\t\t\t\t\t\t<a class=\"elementor-toggle-title\" tabindex=\"0\">Qualit\u00e9 et garantie<\/a>\n\t\t\t\t\t<\/div>\n\n\t\t\t\t\t<div id=\"elementor-tab-content-3045\" class=\"elementor-tab-content elementor-clearfix\" data-tab=\"5\" role=\"region\" aria-labelledby=\"elementor-tab-title-3045\"><p><strong>Qualit\u00e9<\/strong><\/p><ul><li>Tous les tests \u00e9lectriques sont conformes aux normes IEEE.<\/li><li>De nombreux autres tests sont effectu\u00e9s \u00e0 des fins de contr\u00f4le, tels que la perte de boucle de noyau et le courant d'excitation, le rapport et la polarit\u00e9 de la bobine, les propri\u00e9t\u00e9s de l'huile et les v\u00e9rifications multiples des fuites d'huile.<\/li><\/ul><ul><li><a href=\"https:\/\/ermco-eci.com\/wp-content\/uploads\/2021\/08\/06-28-21-ERMCO_SRI-ISO-Certificate-061021-060924.pdf\" target=\"_blank\" rel=\"noopener\">ERMCO est une entreprise certifi\u00e9e ISO9001.<\/a><\/li><\/ul><p><strong>Garantie<\/strong><\/p><ul><li>Tous les supports ERMCO b\u00e9n\u00e9ficient d'une garantie compl\u00e8te de 2 ans.<\/li><li>La couverture comprend le transport aller-retour entre le quai d'exp\u00e9dition de l'acheteur et l'atelier de r\u00e9paration.<\/li><\/ul><\/div>\n\t\t\t\t<\/div>\n\t\t\t\t\t\t\t<div class=\"elementor-toggle-item\">\n\t\t\t\t\t<div id=\"elementor-tab-title-3046\" class=\"elementor-tab-title\" data-tab=\"6\" role=\"button\" aria-controls=\"elementor-tab-content-3046\" aria-expanded=\"false\">\n\t\t\t\t\t\t\t\t\t\t\t\t<span class=\"elementor-toggle-icon elementor-toggle-icon-left\" aria-hidden=\"true\">\n\t\t\t\t\t\t\t\t\t\t\t\t\t\t\t<span class=\"elementor-toggle-icon-closed\"><i class=\"fas fa-caret-right\"><\/i><\/span>\n\t\t\t\t\t\t\t\t<span class=\"elementor-toggle-icon-opened\"><i class=\"elementor-toggle-icon-opened fas fa-caret-up\"><\/i><\/span>\n\t\t\t\t\t\t\t\t\t\t\t\t\t<\/span>\n\t\t\t\t\t\t\t\t\t\t\t\t<a class=\"elementor-toggle-title\" tabindex=\"0\">Sch\u00e9mas de l'ECO-Pad<\/a>\n\t\t\t\t\t<\/div>\n\n\t\t\t\t\t<div id=\"elementor-tab-content-3046\" class=\"elementor-tab-content elementor-clearfix\" data-tab=\"6\" role=\"region\" aria-labelledby=\"elementor-tab-title-3046\"><p><a style=\"color: #000; text-decoration: none;\" href=\"https:\/\/ermco-eci.com\/wp-content\/uploads\/2023\/06\/06-01-23-Single-Phase-Eco-Pad.pdf\" target=\"_blank\" rel=\"noopener\">Sch\u00e9ma monophas\u00e9<\/a><\/p><p><a style=\"color: #000; text-decoration: none;\" href=\"https:\/\/ermco-eci.com\/wp-content\/uploads\/2023\/06\/06-01-23-Three-Phase-Eco-Pad.pdf\" target=\"_blank\" rel=\"noopener\">Sch\u00e9ma triphas\u00e9<\/a><\/p><\/div>\n\t\t\t\t<\/div>\n\t\t\t\t\t\t\t\t<\/div>\n\t\t\t\t\t\t<\/div>\n\t\t\t\t<\/div>\n\t\t\t\t\t<\/div>\n\t\t<\/div>\n\t\t\t\t\t<\/div>\n\t\t<\/section>\n\t\t\t\t<section class=\"elementor-section elementor-top-section elementor-element elementor-element-39091f1 elementor-section-boxed elementor-section-height-default elementor-section-height-default\" data-id=\"39091f1\" data-element_type=\"section\" data-e-type=\"section\" data-settings=\"{&quot;background_background&quot;:&quot;classic&quot;,&quot;_ha_eqh_enable&quot;:false}\">\n\t\t\t\t\t\t<div class=\"elementor-container elementor-column-gap-default\">\n\t\t\t\t\t<div class=\"elementor-column elementor-col-100 elementor-top-column elementor-element elementor-element-95a59cd\" data-id=\"95a59cd\" data-element_type=\"column\" data-e-type=\"column\">\n\t\t\t<div class=\"elementor-widget-wrap elementor-element-populated\">\n\t\t\t\t\t\t<div class=\"elementor-element elementor-element-d4a2e2f elementor-widget elementor-widget-spacer\" data-id=\"d4a2e2f\" data-element_type=\"widget\" data-e-type=\"widget\" data-widget_type=\"spacer.default\">\n\t\t\t\t<div class=\"elementor-widget-container\">\n\t\t\t\t\t\t\t<div class=\"elementor-spacer\">\n\t\t\t<div class=\"elementor-spacer-inner\"><\/div>\n\t\t<\/div>\n\t\t\t\t\t\t<\/div>\n\t\t\t\t<\/div>\n\t\t\t\t\t<\/div>\n\t\t<\/div>\n\t\t\t\t\t<\/div>\n\t\t<\/section>\n\t\t\t\t<section class=\"elementor-section elementor-top-section elementor-element elementor-element-604fe5e0 elementor-section-boxed elementor-section-height-default elementor-section-height-default\" data-id=\"604fe5e0\" data-element_type=\"section\" data-e-type=\"section\" data-settings=\"{&quot;background_background&quot;:&quot;classic&quot;,&quot;_ha_eqh_enable&quot;:false}\">\n\t\t\t\t\t\t\t<div class=\"elementor-background-overlay\"><\/div>\n\t\t\t\t\t\t\t<div class=\"elementor-container elementor-column-gap-default\">\n\t\t\t\t\t<div class=\"elementor-column elementor-col-50 elementor-top-column elementor-element elementor-element-2c800432 animated-slow\" data-id=\"2c800432\" data-element_type=\"column\" data-e-type=\"column\" data-settings=\"{&quot;animation&quot;:&quot;none&quot;}\">\n\t\t\t<div class=\"elementor-widget-wrap elementor-element-populated\">\n\t\t\t\t\t\t<div class=\"elementor-element elementor-element-326604ef elementor-position-left elementor-vertical-align-middle elementor-widget elementor-widget-image-box\" data-id=\"326604ef\" data-element_type=\"widget\" data-e-type=\"widget\" data-widget_type=\"image-box.default\">\n\t\t\t\t<div class=\"elementor-widget-container\">\n\t\t\t\t\t<div class=\"elementor-image-box-wrapper\"><figure class=\"elementor-image-box-img\"><a href=\"https:\/\/www.ermco-eci.com\/fr\/eci\/\" tabindex=\"-1\"><img decoding=\"async\" data-attachment-id=\"35279\" data-permalink=\"https:\/\/www.ermco-eci.com\/fr\/ermco\/components-primary\/\" data-orig-file=\"https:\/\/www.ermco-eci.com\/wp-content\/uploads\/2025\/01\/Components-Primary.png\" data-orig-size=\"2765,683\" data-comments-opened=\"1\" data-image-meta=\"{&quot;aperture&quot;:&quot;0&quot;,&quot;credit&quot;:&quot;&quot;,&quot;camera&quot;:&quot;&quot;,&quot;caption&quot;:&quot;&quot;,&quot;created_timestamp&quot;:&quot;0&quot;,&quot;copyright&quot;:&quot;&quot;,&quot;focal_length&quot;:&quot;0&quot;,&quot;iso&quot;:&quot;0&quot;,&quot;shutter_speed&quot;:&quot;0&quot;,&quot;title&quot;:&quot;&quot;,&quot;orientation&quot;:&quot;0&quot;}\" data-image-title=\"Components-Primary\" data-image-description=\"\" data-image-caption=\"\" data-medium-file=\"https:\/\/www.ermco-eci.com\/wp-content\/uploads\/2025\/01\/Components-Primary-300x74.png\" data-large-file=\"https:\/\/www.ermco-eci.com\/wp-content\/uploads\/2025\/01\/Components-Primary-1024x253.png\" width=\"2765\" height=\"683\" src=\"https:\/\/www.ermco-eci.com\/wp-content\/uploads\/2025\/01\/Components-Primary.png\" class=\"attachment-full size-full wp-image-35279\" alt=\"\" srcset=\"https:\/\/www.ermco-eci.com\/wp-content\/uploads\/2025\/01\/Components-Primary.png 2765w, https:\/\/www.ermco-eci.com\/wp-content\/uploads\/2025\/01\/Components-Primary-300x74.png 300w, https:\/\/www.ermco-eci.com\/wp-content\/uploads\/2025\/01\/Components-Primary-1024x253.png 1024w, https:\/\/www.ermco-eci.com\/wp-content\/uploads\/2025\/01\/Components-Primary-768x190.png 768w, https:\/\/www.ermco-eci.com\/wp-content\/uploads\/2025\/01\/Components-Primary-1536x379.png 1536w, https:\/\/www.ermco-eci.com\/wp-content\/uploads\/2025\/01\/Components-Primary-2048x506.png 2048w, https:\/\/www.ermco-eci.com\/wp-content\/uploads\/2025\/01\/Components-Primary-1568x387.png 1568w\" sizes=\"(max-width: 2765px) 100vw, 2765px\" \/><\/a><\/figure><\/div>\t\t\t\t<\/div>\n\t\t\t\t<\/div>\n\t\t\t\t\t<\/div>\n\t\t<\/div>\n\t\t\t\t<div class=\"elementor-column elementor-col-50 elementor-top-column elementor-element elementor-element-78cf959a animated-slow elementor-invisible\" data-id=\"78cf959a\" data-element_type=\"column\" data-e-type=\"column\" data-settings=\"{&quot;animation&quot;:&quot;fadeInUp&quot;}\">\n\t\t\t<div class=\"elementor-widget-wrap elementor-element-populated\">\n\t\t\t\t\t\t<div class=\"elementor-element elementor-element-3ec4e2d7 elementor-widget elementor-widget-heading\" data-id=\"3ec4e2d7\" data-element_type=\"widget\" data-e-type=\"widget\" data-widget_type=\"heading.default\">\n\t\t\t\t<div class=\"elementor-widget-container\">\n\t\t\t\t\t<h3 class=\"elementor-heading-title elementor-size-default\">D\u00e9couvrez notre gamme compl\u00e8te de produits<\/h3>\t\t\t\t<\/div>\n\t\t\t\t<\/div>\n\t\t\t\t<div class=\"elementor-element elementor-element-28febd21 elementor-widget elementor-widget-text-editor\" data-id=\"28febd21\" data-element_type=\"widget\" data-e-type=\"widget\" data-widget_type=\"text-editor.default\">\n\t\t\t\t<div class=\"elementor-widget-container\">\n\t\t\t\t\t\t\t\t\t<p>D\u00e9couvrez d\u00e8s aujourd'hui notre s\u00e9lection compl\u00e8te de composants, notamment des fusibles d'expulsion, des interrupteurs de d\u00e9connexion de parafoudre, des travers\u00e9es, des accessoires de produits et des disjoncteurs.<\/p>\t\t\t\t\t\t\t\t<\/div>\n\t\t\t\t<\/div>\n\t\t\t\t<div class=\"elementor-element elementor-element-3cc9cfd0 elementor-widget elementor-widget-button\" data-id=\"3cc9cfd0\" data-element_type=\"widget\" data-e-type=\"widget\" data-widget_type=\"button.default\">\n\t\t\t\t<div class=\"elementor-widget-container\">\n\t\t\t\t\t\t\t\t\t<div class=\"elementor-button-wrapper\">\n\t\t\t\t\t<a class=\"elementor-button elementor-button-link elementor-size-sm\" href=\"https:\/\/www.ermco-eci.com\/fr\/transformer-components-new\/\">\n\t\t\t\t\t\t<span class=\"elementor-button-content-wrapper\">\n\t\t\t\t\t\t\t\t\t<span class=\"elementor-button-text\">APPRENDRE ENCORE PLUS<\/span>\n\t\t\t\t\t<\/span>\n\t\t\t\t\t<\/a>\n\t\t\t\t<\/div>\n\t\t\t\t\t\t\t\t<\/div>\n\t\t\t\t<\/div>\n\t\t\t\t\t<\/div>\n\t\t<\/div>\n\t\t\t\t\t<\/div>\n\t\t<\/section>\n\t\t\t\t<section class=\"elementor-section elementor-top-section elementor-element elementor-element-105c4763 elementor-section-boxed elementor-section-height-default elementor-section-height-default\" data-id=\"105c4763\" data-element_type=\"section\" data-e-type=\"section\" data-settings=\"{&quot;background_background&quot;:&quot;classic&quot;,&quot;_ha_eqh_enable&quot;:false}\">\n\t\t\t\t\t\t<div class=\"elementor-container elementor-column-gap-default\">\n\t\t\t\t\t<div class=\"elementor-column elementor-col-100 elementor-top-column elementor-element elementor-element-61357056\" data-id=\"61357056\" data-element_type=\"column\" data-e-type=\"column\">\n\t\t\t<div class=\"elementor-widget-wrap elementor-element-populated\">\n\t\t\t\t\t\t<div class=\"elementor-element elementor-element-7c0cf3e8 elementor-widget elementor-widget-heading\" data-id=\"7c0cf3e8\" data-element_type=\"widget\" data-e-type=\"widget\" data-widget_type=\"heading.default\">\n\t\t\t\t<div class=\"elementor-widget-container\">\n\t\t\t\t\t<h2 class=\"elementor-heading-title elementor-size-default\">D\u00e9couvrez les transformateurs de distribution ERMCO et les composants ERMCO<\/h2>\t\t\t\t<\/div>\n\t\t\t\t<\/div>\n\t\t\t\t<div class=\"elementor-element elementor-element-3c57ce0c elementor-widget elementor-widget-text-editor\" data-id=\"3c57ce0c\" data-element_type=\"widget\" data-e-type=\"widget\" data-widget_type=\"text-editor.default\">\n\t\t\t\t<div class=\"elementor-widget-container\">\n\t\t\t\t\t\t\t\t\t<p>Notre \u00e9quipe d\u00e9vou\u00e9e sert la communaut\u00e9 de mani\u00e8re d\u00e9sint\u00e9ress\u00e9e, surtout en cas de catastrophe naturelle, car nous connaissons l\u2019impact que nous avons sur la vie des gens.<\/p>\t\t\t\t\t\t\t\t<\/div>\n\t\t\t\t<\/div>\n\t\t\t\t<div class=\"elementor-element elementor-element-18f0dc20 elementor-widget elementor-widget-button\" data-id=\"18f0dc20\" data-element_type=\"widget\" data-e-type=\"widget\" data-widget_type=\"button.default\">\n\t\t\t\t<div class=\"elementor-widget-container\">\n\t\t\t\t\t\t\t\t\t<div class=\"elementor-button-wrapper\">\n\t\t\t\t\t<a class=\"elementor-button elementor-button-link elementor-size-sm\" href=\"https:\/\/www.ermco-eci.com\/fr\/contact-us\/\">\n\t\t\t\t\t\t<span class=\"elementor-button-content-wrapper\">\n\t\t\t\t\t\t\t\t\t<span class=\"elementor-button-text\">CONTACTEZ-NOUS<\/span>\n\t\t\t\t\t<\/span>\n\t\t\t\t\t<\/a>\n\t\t\t\t<\/div>\n\t\t\t\t\t\t\t\t<\/div>\n\t\t\t\t<\/div>\n\t\t\t\t\t<\/div>\n\t\t<\/div>\n\t\t\t\t\t<\/div>\n\t\t<\/section>\n\t\t\t\t<\/div>","protected":false},"excerpt":{"rendered":"<p>Go back ECO-PAD Types 1, 2, 3 Information The ERMCO ECO-Pad is a pad-mounted oil filled junction cabinet consisting of source and load bushings in combination with fuses and load break switches. The photo shows the FP001 Eco-Pad with three 200 amp bushing wells and inserts and a bay-o-net fuse assembly. H1a and H1b are<a class=\"more-link\" href=\"https:\/\/www.ermco-eci.com\/fr\/ermco\/eco-pad\/\">Poursuivre la lecture <span class=\"screen-reader-text\">\u201cECO-PAD\u201d<\/span><\/a><\/p>","protected":false},"author":202187106,"featured_media":0,"parent":33161,"menu_order":5,"comment_status":"closed","ping_status":"closed","template":"","meta":{"om_disable_all_campaigns":false,"_monsterinsights_skip_tracking":false,"_monsterinsights_sitenote_active":false,"_monsterinsights_sitenote_note":"","_monsterinsights_sitenote_category":0,"_uf_show_specific_survey":0,"_uf_disable_surveys":false,"footnotes":""},"class_list":["post-28392","page","type-page","status-publish","hentry","entry"],"aioseo_notices":[],"jetpack_likes_enabled":false,"jetpack_sharing_enabled":true,"jetpack_shortlink":"https:\/\/wp.me\/Pg158y-7nW","_links":{"self":[{"href":"https:\/\/www.ermco-eci.com\/fr\/wp-json\/wp\/v2\/pages\/28392","targetHints":{"allow":["GET"]}}],"collection":[{"href":"https:\/\/www.ermco-eci.com\/fr\/wp-json\/wp\/v2\/pages"}],"about":[{"href":"https:\/\/www.ermco-eci.com\/fr\/wp-json\/wp\/v2\/types\/page"}],"author":[{"embeddable":true,"href":"https:\/\/www.ermco-eci.com\/fr\/wp-json\/wp\/v2\/users\/202187106"}],"replies":[{"embeddable":true,"href":"https:\/\/www.ermco-eci.com\/fr\/wp-json\/wp\/v2\/comments?post=28392"}],"version-history":[{"count":77,"href":"https:\/\/www.ermco-eci.com\/fr\/wp-json\/wp\/v2\/pages\/28392\/revisions"}],"predecessor-version":[{"id":38751,"href":"https:\/\/www.ermco-eci.com\/fr\/wp-json\/wp\/v2\/pages\/28392\/revisions\/38751"}],"up":[{"embeddable":true,"href":"https:\/\/www.ermco-eci.com\/fr\/wp-json\/wp\/v2\/pages\/33161"}],"wp:attachment":[{"href":"https:\/\/www.ermco-eci.com\/fr\/wp-json\/wp\/v2\/media?parent=28392"}],"curies":[{"name":"wp","href":"https:\/\/api.w.org\/{rel}","templated":true}]}}