{"id":35685,"date":"2025-03-20T12:09:04","date_gmt":"2025-03-20T17:09:04","guid":{"rendered":"https:\/\/www.ermco-eci.com\/?page_id=35685"},"modified":"2026-01-23T14:06:49","modified_gmt":"2026-01-23T20:06:49","slug":"paul-karras","status":"publish","type":"page","link":"https:\/\/www.ermco-eci.com\/fr\/paul-karras\/","title":{"rendered":"Paul Karras"},"content":{"rendered":"\t\t<div data-elementor-type=\"wp-page\" data-elementor-id=\"35685\" class=\"elementor elementor-35685\" data-elementor-settings=\"{&quot;ha_cmc_init_switcher&quot;:&quot;no&quot;}\" data-elementor-post-type=\"page\">\n\t\t\t\t\t\t<section class=\"elementor-section elementor-top-section elementor-element elementor-element-115afcc elementor-section-boxed elementor-section-height-default elementor-section-height-default\" data-id=\"115afcc\" data-element_type=\"section\" data-e-type=\"section\" data-settings=\"{&quot;background_background&quot;:&quot;classic&quot;,&quot;_ha_eqh_enable&quot;:false}\">\n\t\t\t\t\t\t<div class=\"elementor-container elementor-column-gap-default\">\n\t\t\t\t\t<div class=\"elementor-column elementor-col-100 elementor-top-column elementor-element elementor-element-5da56cc\" data-id=\"5da56cc\" data-element_type=\"column\" data-e-type=\"column\">\n\t\t\t<div class=\"elementor-widget-wrap elementor-element-populated\">\n\t\t\t\t\t\t<div class=\"elementor-element elementor-element-4060737 elementor-widget elementor-widget-image\" data-id=\"4060737\" data-element_type=\"widget\" data-e-type=\"widget\" data-widget_type=\"image.default\">\n\t\t\t\t<div class=\"elementor-widget-container\">\n\t\t\t\t\t\t\t\t\t\t\t\t\t\t\t<img fetchpriority=\"high\" decoding=\"async\" data-attachment-id=\"35624\" data-permalink=\"https:\/\/www.ermco-eci.com\/fr\/untitled-design-1-10\/\" data-orig-file=\"https:\/\/www.ermco-eci.com\/wp-content\/uploads\/2025\/03\/PaulHS-scaled.jpg\" data-orig-size=\"2560,1707\" data-comments-opened=\"1\" data-image-meta=\"{&quot;aperture&quot;:&quot;0&quot;,&quot;credit&quot;:&quot;Collin Streeter&quot;,&quot;camera&quot;:&quot;&quot;,&quot;caption&quot;:&quot;&quot;,&quot;created_timestamp&quot;:&quot;0&quot;,&quot;copyright&quot;:&quot;&quot;,&quot;focal_length&quot;:&quot;0&quot;,&quot;iso&quot;:&quot;0&quot;,&quot;shutter_speed&quot;:&quot;0&quot;,&quot;title&quot;:&quot;Untitled design - 1&quot;,&quot;orientation&quot;:&quot;1&quot;}\" data-image-title=\"Untitled design &amp;#8211; 1\" data-image-description=\"\" data-image-caption=\"\" data-large-file=\"https:\/\/www.ermco-eci.com\/wp-content\/uploads\/2025\/03\/PaulHS-1024x683.jpg\" width=\"2560\" height=\"1707\" src=\"https:\/\/www.ermco-eci.com\/wp-content\/uploads\/2025\/03\/PaulHS-scaled.jpg\" class=\"attachment-full size-full wp-image-35624\" alt=\"\" srcset=\"https:\/\/www.ermco-eci.com\/wp-content\/uploads\/2025\/03\/PaulHS-scaled.jpg 2560w, https:\/\/www.ermco-eci.com\/wp-content\/uploads\/2025\/03\/PaulHS-300x200.jpg 300w, https:\/\/www.ermco-eci.com\/wp-content\/uploads\/2025\/03\/PaulHS-1024x683.jpg 1024w, https:\/\/www.ermco-eci.com\/wp-content\/uploads\/2025\/03\/PaulHS-768x512.jpg 768w, https:\/\/www.ermco-eci.com\/wp-content\/uploads\/2025\/03\/PaulHS-1536x1024.jpg 1536w, https:\/\/www.ermco-eci.com\/wp-content\/uploads\/2025\/03\/PaulHS-2048x1365.jpg 2048w, https:\/\/www.ermco-eci.com\/wp-content\/uploads\/2025\/03\/PaulHS-1568x1045.jpg 1568w\" sizes=\"(max-width: 2560px) 100vw, 2560px\" data-attachment-id=\"35624\" data-permalink=\"https:\/\/www.ermco-eci.com\/fr\/untitled-design-1-10\/\" data-orig-file=\"https:\/\/www.ermco-eci.com\/wp-content\/uploads\/2025\/03\/PaulHS-scaled.jpg\" data-orig-size=\"2560,1707\" data-comments-opened=\"1\" data-image-meta=\"{&quot;aperture&quot;:&quot;0&quot;,&quot;credit&quot;:&quot;Collin Streeter&quot;,&quot;camera&quot;:&quot;&quot;,&quot;caption&quot;:&quot;&quot;,&quot;created_timestamp&quot;:&quot;0&quot;,&quot;copyright&quot;:&quot;&quot;,&quot;focal_length&quot;:&quot;0&quot;,&quot;iso&quot;:&quot;0&quot;,&quot;shutter_speed&quot;:&quot;0&quot;,&quot;title&quot;:&quot;Untitled design - 1&quot;,&quot;orientation&quot;:&quot;1&quot;}\" data-image-title=\"Untitled design &amp;#8211; 1\" data-image-description=\"\" data-image-caption=\"\" data-large-file=\"https:\/\/www.ermco-eci.com\/wp-content\/uploads\/2025\/03\/PaulHS-1024x683.jpg\" \/>\t\t\t\t\t\t\t\t\t\t\t\t\t\t\t<\/div>\n\t\t\t\t<\/div>\n\t\t\t\t\t<\/div>\n\t\t<\/div>\n\t\t\t\t\t<\/div>\n\t\t<\/section>\n\t\t\t\t<section class=\"elementor-section elementor-top-section elementor-element elementor-element-96ea0b4 elementor-section-boxed elementor-section-height-default elementor-section-height-default\" data-id=\"96ea0b4\" data-element_type=\"section\" data-e-type=\"section\" data-settings=\"{&quot;_ha_eqh_enable&quot;:false}\">\n\t\t\t\t\t\t<div class=\"elementor-container elementor-column-gap-default\">\n\t\t\t\t\t<div class=\"elementor-column elementor-col-100 elementor-top-column elementor-element elementor-element-12e7d3b\" data-id=\"12e7d3b\" data-element_type=\"column\" data-e-type=\"column\">\n\t\t\t<div class=\"elementor-widget-wrap elementor-element-populated\">\n\t\t\t\t\t\t<div class=\"elementor-element elementor-element-2f6fa98 elementor-widget elementor-widget-heading\" data-id=\"2f6fa98\" data-element_type=\"widget\" data-e-type=\"widget\" data-widget_type=\"heading.default\">\n\t\t\t\t<div class=\"elementor-widget-container\">\n\t\t\t\t\t<h1 class=\"elementor-heading-title elementor-size-default\">Paul Karras<\/h1>\t\t\t\t<\/div>\n\t\t\t\t<\/div>\n\t\t\t\t<div class=\"elementor-element elementor-element-b5ce56b elementor-widget-divider--view-line elementor-widget elementor-widget-divider\" data-id=\"b5ce56b\" data-element_type=\"widget\" data-e-type=\"widget\" data-widget_type=\"divider.default\">\n\t\t\t\t<div class=\"elementor-widget-container\">\n\t\t\t\t\t\t\t<div class=\"elementor-divider\">\n\t\t\t<span class=\"elementor-divider-separator\">\n\t\t\t\t\t\t<\/span>\n\t\t<\/div>\n\t\t\t\t\t\t<\/div>\n\t\t\t\t<\/div>\n\t\t\t\t<div class=\"elementor-element elementor-element-1b3ad89 elementor-widget elementor-widget-text-editor\" data-id=\"1b3ad89\" data-element_type=\"widget\" data-e-type=\"widget\" data-widget_type=\"text-editor.default\">\n\t\t\t\t<div class=\"elementor-widget-container\">\n\t\t\t\t\t\t\t\t\t<h2><span style=\"color: #00000; font-family: Arial, sans-serif; font-size: 20px; font-weight: 400; text-align: center; background-color: #fffff);\">Chief Information Officer<\/span><\/h2>\t\t\t\t\t\t\t\t<\/div>\n\t\t\t\t<\/div>\n\t\t\t\t\t<\/div>\n\t\t<\/div>\n\t\t\t\t\t<\/div>\n\t\t<\/section>\n\t\t\t\t<section class=\"elementor-section elementor-top-section elementor-element elementor-element-3f1aa90 elementor-section-boxed elementor-section-height-default elementor-section-height-default\" data-id=\"3f1aa90\" data-element_type=\"section\" data-e-type=\"section\" data-settings=\"{&quot;_ha_eqh_enable&quot;:false}\">\n\t\t\t\t\t\t<div class=\"elementor-container elementor-column-gap-default\">\n\t\t\t\t\t<div class=\"elementor-column elementor-col-16 elementor-top-column elementor-element elementor-element-33715a7\" data-id=\"33715a7\" data-element_type=\"column\" data-e-type=\"column\">\n\t\t\t<div class=\"elementor-widget-wrap\">\n\t\t\t\t\t\t\t<\/div>\n\t\t<\/div>\n\t\t\t\t<div class=\"elementor-column elementor-col-66 elementor-top-column elementor-element elementor-element-0069cb2\" data-id=\"0069cb2\" data-element_type=\"column\" data-e-type=\"column\">\n\t\t\t<div class=\"elementor-widget-wrap elementor-element-populated\">\n\t\t\t\t\t\t<div class=\"elementor-element elementor-element-96bdfed elementor-widget elementor-widget-text-editor\" data-id=\"96bdfed\" data-element_type=\"widget\" data-e-type=\"widget\" data-settings=\"{&quot;motion_fx_motion_fx_scrolling&quot;:&quot;yes&quot;,&quot;motion_fx_devices&quot;:[&quot;desktop&quot;,&quot;tablet&quot;,&quot;mobile&quot;]}\" data-widget_type=\"text-editor.default\">\n\t\t\t\t<div class=\"elementor-widget-container\">\n\t\t\t\t\t\t\t\t\t<div class=\"OutlineElement Ltr SCXW13081818 BCX8\" style=\"-webkit-user-drag: none; -webkit-tap-highlight-color: transparent; margin: 0px; padding: 0px; user-select: text; clear: both; cursor: text; overflow: visible; position: relative; direction: ltr; color: #000000; font-family: 'Segoe UI', 'Segoe UI Web', Arial, Verdana, sans-serif; font-size: 18px; font-weight: 400;\">\n\nAs Chief Information Officer and member of ERMCO\u2019s Executive Leadership Team, Paul Karras leads the company\u2019s IT strategy and operations, driving groundbreaking digital transformation initiatives that strengthen cybersecurity, optimize operational efficiency, and align IT capabilities with ERMCO\u2019s most critical business objectives.\n<br><\/br>\nKarras brings over 30 years of executive leadership experience across diverse industries at Fortune 500 companies. Prior to ERMCO, as Chief Information Officer at HuFriedyGroup, Karras transformed the company\u2019s technology landscape through strategic cloud adoption, systems modernization, and enhanced cybersecurity measures. His leadership in aligning technology initiatives with business objectives enabled rapid scaling and established a robust foundation for the company\u2019s continued market leadership in the dental industry.\n<br><\/br>\nPreviously, Karras served as Senior Vice President and CIO at Wilton Brands, where he led digital transformation strategies to drive growth across consumer touchpoints. He has also held key leadership positions, including Divisional CIO of IT Global Business Solutions at Whirlpool Corporation and executive roles at US Cellular and JPMorgan Investment Bank. Karras began his career at Andersen Consulting.\n<br><\/br>\nKarras holds an MBA in Finance from the Quinlan School of Business at Loyola University Chicago and a Bachelor of Science in Information and Decision Science from the University of Illinois Chicago.\n\n<\/div>\t\t\t\t\t\t\t\t<\/div>\n\t\t\t\t<\/div>\n\t\t\t\t\t<\/div>\n\t\t<\/div>\n\t\t\t\t<div class=\"elementor-column elementor-col-16 elementor-top-column elementor-element elementor-element-467596c\" data-id=\"467596c\" data-element_type=\"column\" data-e-type=\"column\">\n\t\t\t<div class=\"elementor-widget-wrap\">\n\t\t\t\t\t\t\t<\/div>\n\t\t<\/div>\n\t\t\t\t\t<\/div>\n\t\t<\/section>\n\t\t\t\t<section class=\"elementor-section elementor-top-section elementor-element elementor-element-6df408d elementor-section-boxed elementor-section-height-default elementor-section-height-default\" data-id=\"6df408d\" data-element_type=\"section\" data-e-type=\"section\" data-settings=\"{&quot;_ha_eqh_enable&quot;:false}\">\n\t\t\t\t\t\t<div class=\"elementor-container elementor-column-gap-default\">\n\t\t\t\t\t<div class=\"elementor-column elementor-col-100 elementor-top-column elementor-element elementor-element-1696568\" data-id=\"1696568\" data-element_type=\"column\" data-e-type=\"column\">\n\t\t\t<div class=\"elementor-widget-wrap\">\n\t\t\t\t\t\t\t<\/div>\n\t\t<\/div>\n\t\t\t\t\t<\/div>\n\t\t<\/section>\n\t\t\t\t<section class=\"elementor-section elementor-top-section elementor-element elementor-element-8ac2958 elementor-section-boxed elementor-section-height-default elementor-section-height-default\" data-id=\"8ac2958\" data-element_type=\"section\" data-e-type=\"section\" data-settings=\"{&quot;_ha_eqh_enable&quot;:false}\">\n\t\t\t\t\t\t<div class=\"elementor-container elementor-column-gap-default\">\n\t\t\t\t\t<div class=\"elementor-column elementor-col-33 elementor-top-column elementor-element elementor-element-86d7908\" data-id=\"86d7908\" data-element_type=\"column\" data-e-type=\"column\">\n\t\t\t<div class=\"elementor-widget-wrap\">\n\t\t\t\t\t\t\t<\/div>\n\t\t<\/div>\n\t\t\t\t<div class=\"elementor-column elementor-col-33 elementor-top-column elementor-element elementor-element-96162d3\" data-id=\"96162d3\" data-element_type=\"column\" data-e-type=\"column\">\n\t\t\t<div class=\"elementor-widget-wrap elementor-element-populated\">\n\t\t\t\t\t\t<div class=\"elementor-element elementor-element-02db062 elementor-widget elementor-widget-spacer\" data-id=\"02db062\" data-element_type=\"widget\" data-e-type=\"widget\" data-widget_type=\"spacer.default\">\n\t\t\t\t<div class=\"elementor-widget-container\">\n\t\t\t\t\t\t\t<div class=\"elementor-spacer\">\n\t\t\t<div class=\"elementor-spacer-inner\"><\/div>\n\t\t<\/div>\n\t\t\t\t\t\t<\/div>\n\t\t\t\t<\/div>\n\t\t\t\t<div class=\"elementor-element elementor-element-6e7241f elementor-align-left elementor-widget elementor-widget-button\" data-id=\"6e7241f\" data-element_type=\"widget\" data-e-type=\"widget\" data-widget_type=\"button.default\">\n\t\t\t\t<div class=\"elementor-widget-container\">\n\t\t\t\t\t\t\t\t\t<div class=\"elementor-button-wrapper\">\n\t\t\t\t\t<a class=\"elementor-button elementor-button-link elementor-size-sm\" href=\"https:\/\/www.ermco-eci.com\/about-us\/our-leadership-sales-team\/\" id=\"back\">\n\t\t\t\t\t\t<span class=\"elementor-button-content-wrapper\">\n\t\t\t\t\t\t\t\t\t<span class=\"elementor-button-text\">&lt; Back<\/span>\n\t\t\t\t\t<\/span>\n\t\t\t\t\t<\/a>\n\t\t\t\t<\/div>\n\t\t\t\t\t\t\t\t<\/div>\n\t\t\t\t<\/div>\n\t\t\t\t<div class=\"elementor-element elementor-element-d85b4d6 elementor-widget elementor-widget-spacer\" data-id=\"d85b4d6\" data-element_type=\"widget\" data-e-type=\"widget\" data-widget_type=\"spacer.default\">\n\t\t\t\t<div class=\"elementor-widget-container\">\n\t\t\t\t\t\t\t<div class=\"elementor-spacer\">\n\t\t\t<div class=\"elementor-spacer-inner\"><\/div>\n\t\t<\/div>\n\t\t\t\t\t\t<\/div>\n\t\t\t\t<\/div>\n\t\t\t\t\t<\/div>\n\t\t<\/div>\n\t\t\t\t<div class=\"elementor-column elementor-col-33 elementor-top-column elementor-element elementor-element-41220de\" data-id=\"41220de\" data-element_type=\"column\" data-e-type=\"column\">\n\t\t\t<div class=\"elementor-widget-wrap\">\n\t\t\t\t\t\t\t<\/div>\n\t\t<\/div>\n\t\t\t\t\t<\/div>\n\t\t<\/section>\n\t\t\t\t<\/div>\n\t\t","protected":false},"excerpt":{"rendered":"<p>Paul Karras Chief Information Officer En tant que Chief Information Officer et membre de l'\u00e9quipe de direction d'ERMCO, Paul Karras dirige la strat\u00e9gie et les op\u00e9rations informatiques de l'entreprise, pilotant des initiatives de transformation num\u00e9rique r\u00e9volutionnaires qui renforcent la cybers\u00e9curit\u00e9, optimisent l'efficacit\u00e9 op\u00e9rationnelle et alignent les capacit\u00e9s informatiques sur les objectifs commerciaux les plus critiques d'ERMCO. Karras apporte plus de 30 ans d'exp\u00e9rience de direction ex\u00e9cutive.<a class=\"more-link\" href=\"https:\/\/www.ermco-eci.com\/fr\/paul-karras\/\">Poursuivre la lecture <span class=\"screen-reader-text\">\"Paul Karras<\/span><\/a><\/p>","protected":false},"author":202187112,"featured_media":0,"parent":0,"menu_order":0,"comment_status":"closed","ping_status":"closed","template":"","meta":{"om_disable_all_campaigns":false,"_monsterinsights_skip_tracking":false,"_monsterinsights_sitenote_active":false,"_monsterinsights_sitenote_note":"","_monsterinsights_sitenote_category":0,"_uf_show_specific_survey":0,"_uf_disable_surveys":false,"footnotes":""},"class_list":["post-35685","page","type-page","status-publish","hentry","entry"],"aioseo_notices":[],"jetpack_likes_enabled":false,"jetpack_sharing_enabled":true,"jetpack_shortlink":"https:\/\/wp.me\/Pg158y-9hz","_links":{"self":[{"href":"https:\/\/www.ermco-eci.com\/fr\/wp-json\/wp\/v2\/pages\/35685","targetHints":{"allow":["GET"]}}],"collection":[{"href":"https:\/\/www.ermco-eci.com\/fr\/wp-json\/wp\/v2\/pages"}],"about":[{"href":"https:\/\/www.ermco-eci.com\/fr\/wp-json\/wp\/v2\/types\/page"}],"author":[{"embeddable":true,"href":"https:\/\/www.ermco-eci.com\/fr\/wp-json\/wp\/v2\/users\/202187112"}],"replies":[{"embeddable":true,"href":"https:\/\/www.ermco-eci.com\/fr\/wp-json\/wp\/v2\/comments?post=35685"}],"version-history":[{"count":21,"href":"https:\/\/www.ermco-eci.com\/fr\/wp-json\/wp\/v2\/pages\/35685\/revisions"}],"predecessor-version":[{"id":38515,"href":"https:\/\/www.ermco-eci.com\/fr\/wp-json\/wp\/v2\/pages\/35685\/revisions\/38515"}],"wp:attachment":[{"href":"https:\/\/www.ermco-eci.com\/fr\/wp-json\/wp\/v2\/media?parent=35685"}],"curies":[{"name":"wp","href":"https:\/\/api.w.org\/{rel}","templated":true}]}}