{"id":35689,"date":"2025-03-20T12:23:27","date_gmt":"2025-03-20T17:23:27","guid":{"rendered":"https:\/\/www.ermco-eci.com\/?page_id=35689"},"modified":"2026-01-23T14:01:37","modified_gmt":"2026-01-23T20:01:37","slug":"john-hammerle","status":"publish","type":"page","link":"https:\/\/www.ermco-eci.com\/fr\/john-hammerle\/","title":{"rendered":"John Hammerle"},"content":{"rendered":"\t\t<div data-elementor-type=\"wp-page\" data-elementor-id=\"35689\" class=\"elementor elementor-35689\" data-elementor-settings=\"{&quot;ha_cmc_init_switcher&quot;:&quot;no&quot;}\" data-elementor-post-type=\"page\">\n\t\t\t\t\t\t<section class=\"elementor-section elementor-top-section elementor-element elementor-element-115afcc elementor-section-boxed elementor-section-height-default elementor-section-height-default\" data-id=\"115afcc\" data-element_type=\"section\" data-e-type=\"section\" data-settings=\"{&quot;background_background&quot;:&quot;classic&quot;,&quot;_ha_eqh_enable&quot;:false}\">\n\t\t\t\t\t\t<div class=\"elementor-container elementor-column-gap-default\">\n\t\t\t\t\t<div class=\"elementor-column elementor-col-100 elementor-top-column elementor-element elementor-element-5da56cc\" data-id=\"5da56cc\" data-element_type=\"column\" data-e-type=\"column\">\n\t\t\t<div class=\"elementor-widget-wrap elementor-element-populated\">\n\t\t\t\t\t\t<div class=\"elementor-element elementor-element-4060737 elementor-widget elementor-widget-image\" data-id=\"4060737\" data-element_type=\"widget\" data-e-type=\"widget\" data-widget_type=\"image.default\">\n\t\t\t\t<div class=\"elementor-widget-container\">\n\t\t\t\t\t\t\t\t\t\t\t\t\t\t\t<img fetchpriority=\"high\" decoding=\"async\" data-attachment-id=\"35620\" data-permalink=\"https:\/\/www.ermco-eci.com\/fr\/untitled-design-1-6\/\" data-orig-file=\"https:\/\/www.ermco-eci.com\/wp-content\/uploads\/2025\/03\/HammerleHS-scaled.jpg\" data-orig-size=\"2560,1707\" data-comments-opened=\"1\" data-image-meta=\"{&quot;aperture&quot;:&quot;0&quot;,&quot;credit&quot;:&quot;Collin Streeter&quot;,&quot;camera&quot;:&quot;&quot;,&quot;caption&quot;:&quot;&quot;,&quot;created_timestamp&quot;:&quot;0&quot;,&quot;copyright&quot;:&quot;&quot;,&quot;focal_length&quot;:&quot;0&quot;,&quot;iso&quot;:&quot;0&quot;,&quot;shutter_speed&quot;:&quot;0&quot;,&quot;title&quot;:&quot;Untitled design - 1&quot;,&quot;orientation&quot;:&quot;1&quot;}\" data-image-title=\"Untitled design &amp;#8211; 1\" data-image-description=\"\" data-image-caption=\"\" data-large-file=\"https:\/\/www.ermco-eci.com\/wp-content\/uploads\/2025\/03\/HammerleHS-1024x683.jpg\" width=\"2560\" height=\"1707\" src=\"https:\/\/www.ermco-eci.com\/wp-content\/uploads\/2025\/03\/HammerleHS-scaled.jpg\" class=\"attachment-full size-full wp-image-35620\" alt=\"\" srcset=\"https:\/\/www.ermco-eci.com\/wp-content\/uploads\/2025\/03\/HammerleHS-scaled.jpg 2560w, https:\/\/www.ermco-eci.com\/wp-content\/uploads\/2025\/03\/HammerleHS-300x200.jpg 300w, https:\/\/www.ermco-eci.com\/wp-content\/uploads\/2025\/03\/HammerleHS-1024x683.jpg 1024w, https:\/\/www.ermco-eci.com\/wp-content\/uploads\/2025\/03\/HammerleHS-768x512.jpg 768w, https:\/\/www.ermco-eci.com\/wp-content\/uploads\/2025\/03\/HammerleHS-1536x1024.jpg 1536w, https:\/\/www.ermco-eci.com\/wp-content\/uploads\/2025\/03\/HammerleHS-2048x1365.jpg 2048w, https:\/\/www.ermco-eci.com\/wp-content\/uploads\/2025\/03\/HammerleHS-1568x1045.jpg 1568w\" sizes=\"(max-width: 2560px) 100vw, 2560px\" data-attachment-id=\"35620\" data-permalink=\"https:\/\/www.ermco-eci.com\/untitled-design-1-6\/\" data-orig-file=\"https:\/\/www.ermco-eci.com\/wp-content\/uploads\/2025\/03\/HammerleHS-scaled.jpg\" data-orig-size=\"2560,1707\" data-comments-opened=\"1\" data-image-meta=\"{&quot;aperture&quot;:&quot;0&quot;,&quot;credit&quot;:&quot;Collin Streeter&quot;,&quot;camera&quot;:&quot;&quot;,&quot;caption&quot;:&quot;&quot;,&quot;created_timestamp&quot;:&quot;0&quot;,&quot;copyright&quot;:&quot;&quot;,&quot;focal_length&quot;:&quot;0&quot;,&quot;iso&quot;:&quot;0&quot;,&quot;shutter_speed&quot;:&quot;0&quot;,&quot;title&quot;:&quot;Untitled design - 1&quot;,&quot;orientation&quot;:&quot;1&quot;}\" data-image-title=\"Untitled design &amp;#8211; 1\" data-image-description=\"\" data-image-caption=\"\" data-large-file=\"https:\/\/www.ermco-eci.com\/wp-content\/uploads\/2025\/03\/HammerleHS-1024x683.jpg\" \/>\t\t\t\t\t\t\t\t\t\t\t\t\t\t\t<\/div>\n\t\t\t\t<\/div>\n\t\t\t\t\t<\/div>\n\t\t<\/div>\n\t\t\t\t\t<\/div>\n\t\t<\/section>\n\t\t\t\t<section class=\"elementor-section elementor-top-section elementor-element elementor-element-96ea0b4 elementor-section-boxed elementor-section-height-default elementor-section-height-default\" data-id=\"96ea0b4\" data-element_type=\"section\" data-e-type=\"section\" data-settings=\"{&quot;_ha_eqh_enable&quot;:false}\">\n\t\t\t\t\t\t<div class=\"elementor-container elementor-column-gap-default\">\n\t\t\t\t\t<div class=\"elementor-column elementor-col-100 elementor-top-column elementor-element elementor-element-12e7d3b\" data-id=\"12e7d3b\" data-element_type=\"column\" data-e-type=\"column\">\n\t\t\t<div class=\"elementor-widget-wrap elementor-element-populated\">\n\t\t\t\t\t\t<div class=\"elementor-element elementor-element-2f6fa98 elementor-widget elementor-widget-heading\" data-id=\"2f6fa98\" data-element_type=\"widget\" data-e-type=\"widget\" data-widget_type=\"heading.default\">\n\t\t\t\t<div class=\"elementor-widget-container\">\n\t\t\t\t\t<h1 class=\"elementor-heading-title elementor-size-default\">John Hammerle<\/h1>\t\t\t\t<\/div>\n\t\t\t\t<\/div>\n\t\t\t\t<div class=\"elementor-element elementor-element-b5ce56b elementor-widget-divider--view-line elementor-widget elementor-widget-divider\" data-id=\"b5ce56b\" data-element_type=\"widget\" data-e-type=\"widget\" data-widget_type=\"divider.default\">\n\t\t\t\t<div class=\"elementor-widget-container\">\n\t\t\t\t\t\t\t<div class=\"elementor-divider\">\n\t\t\t<span class=\"elementor-divider-separator\">\n\t\t\t\t\t\t<\/span>\n\t\t<\/div>\n\t\t\t\t\t\t<\/div>\n\t\t\t\t<\/div>\n\t\t\t\t<div class=\"elementor-element elementor-element-1b3ad89 elementor-widget elementor-widget-text-editor\" data-id=\"1b3ad89\" data-element_type=\"widget\" data-e-type=\"widget\" data-widget_type=\"text-editor.default\">\n\t\t\t\t<div class=\"elementor-widget-container\">\n\t\t\t\t\t\t\t\t\t<p>Chief Legal Officer and General Counsel<\/p>\t\t\t\t\t\t\t\t<\/div>\n\t\t\t\t<\/div>\n\t\t\t\t\t<\/div>\n\t\t<\/div>\n\t\t\t\t\t<\/div>\n\t\t<\/section>\n\t\t\t\t<section class=\"elementor-section elementor-top-section elementor-element elementor-element-3f1aa90 elementor-section-boxed elementor-section-height-default elementor-section-height-default\" data-id=\"3f1aa90\" data-element_type=\"section\" data-e-type=\"section\" data-settings=\"{&quot;_ha_eqh_enable&quot;:false}\">\n\t\t\t\t\t\t<div class=\"elementor-container elementor-column-gap-default\">\n\t\t\t\t\t<div class=\"elementor-column elementor-col-16 elementor-top-column elementor-element elementor-element-33715a7\" data-id=\"33715a7\" data-element_type=\"column\" data-e-type=\"column\">\n\t\t\t<div class=\"elementor-widget-wrap\">\n\t\t\t\t\t\t\t<\/div>\n\t\t<\/div>\n\t\t\t\t<div class=\"elementor-column elementor-col-66 elementor-top-column elementor-element elementor-element-0069cb2\" data-id=\"0069cb2\" data-element_type=\"column\" data-e-type=\"column\">\n\t\t\t<div class=\"elementor-widget-wrap elementor-element-populated\">\n\t\t\t\t\t\t<div class=\"elementor-element elementor-element-96bdfed elementor-widget elementor-widget-text-editor\" data-id=\"96bdfed\" data-element_type=\"widget\" data-e-type=\"widget\" data-settings=\"{&quot;motion_fx_motion_fx_scrolling&quot;:&quot;yes&quot;,&quot;motion_fx_devices&quot;:[&quot;desktop&quot;,&quot;tablet&quot;,&quot;mobile&quot;]}\" data-widget_type=\"text-editor.default\">\n\t\t\t\t<div class=\"elementor-widget-container\">\n\t\t\t\t\t\t\t\t\t<div class=\"OutlineElement Ltr SCXW13081818 BCX8\" style=\"-webkit-user-drag: none; -webkit-tap-highlight-color: transparent; margin: 0px; padding: 0px; user-select: text; clear: both; cursor: text; overflow: visible; position: relative; direction: ltr; color: #000000; font-family: 'Segoe UI', 'Segoe UI Web', Arial, Verdana, sans-serif; font-size: 18px; font-weight: 400;\">\n\nJohn Hammerle joined ERMCO in September 2024 as the company\u2019s Chief Legal Officer and General Counsel. With 20 years of legal experience in national law firm and corporate roles, Hammerle brings a wealth of expertise to ERMCO. His areas of proficiency include commercial litigation, mediation, arbitration, labor &amp; employment, bankruptcy, crisis management, corporate communications, intellectual property, mergers &amp; acquisitions, and corporate law. He is also a recipient of First Chair\u2019s Top Litigation Counsel Award (2018).\n<br><\/br>\nHammerle earned a Bachelor of Science Degree with high honors in Telecommunication Arts and Theatre from Butler University and graduated Magna Cum Laude from the DePaul University College of Law. His relatable and pragmatic counsel, coupled with his legal acumen and strategic approach to corporate law, continue to provide valuable guidance to ERMCO\u2019s leadership team as the company navigates an increasingly complex business environment.\n<br><\/<br>\nIn his spare time, Hammerle is an avid movie buff, watching and reviewing over 400 movies a year and having co-produced and served as production counsel on the feature film, Dead Draw (2016). For the past seven years, he has served as Chair of Saint Juliana School\u2019s Fine Arts Association, producing the annual spring musical. He and his wife, Julie, live in Chicago, Ill., with their two children and dog.\n\n<\/div>\t\t\t\t\t\t\t\t<\/div>\n\t\t\t\t<\/div>\n\t\t\t\t\t<\/div>\n\t\t<\/div>\n\t\t\t\t<div class=\"elementor-column elementor-col-16 elementor-top-column elementor-element elementor-element-467596c\" data-id=\"467596c\" data-element_type=\"column\" data-e-type=\"column\">\n\t\t\t<div class=\"elementor-widget-wrap\">\n\t\t\t\t\t\t\t<\/div>\n\t\t<\/div>\n\t\t\t\t\t<\/div>\n\t\t<\/section>\n\t\t\t\t<section class=\"elementor-section elementor-top-section elementor-element elementor-element-6df408d elementor-section-boxed elementor-section-height-default elementor-section-height-default\" data-id=\"6df408d\" data-element_type=\"section\" data-e-type=\"section\" data-settings=\"{&quot;_ha_eqh_enable&quot;:false}\">\n\t\t\t\t\t\t<div class=\"elementor-container elementor-column-gap-default\">\n\t\t\t\t\t<div class=\"elementor-column elementor-col-100 elementor-top-column elementor-element elementor-element-1696568\" data-id=\"1696568\" data-element_type=\"column\" data-e-type=\"column\">\n\t\t\t<div class=\"elementor-widget-wrap\">\n\t\t\t\t\t\t\t<\/div>\n\t\t<\/div>\n\t\t\t\t\t<\/div>\n\t\t<\/section>\n\t\t\t\t<section class=\"elementor-section elementor-top-section elementor-element elementor-element-8bebb12 elementor-section-boxed elementor-section-height-default elementor-section-height-default\" data-id=\"8bebb12\" data-element_type=\"section\" data-e-type=\"section\" data-settings=\"{&quot;_ha_eqh_enable&quot;:false}\">\n\t\t\t\t\t\t<div class=\"elementor-container elementor-column-gap-default\">\n\t\t\t\t\t<div class=\"elementor-column elementor-col-33 elementor-top-column elementor-element elementor-element-2fc718b\" data-id=\"2fc718b\" data-element_type=\"column\" data-e-type=\"column\">\n\t\t\t<div class=\"elementor-widget-wrap\">\n\t\t\t\t\t\t\t<\/div>\n\t\t<\/div>\n\t\t\t\t<div class=\"elementor-column elementor-col-33 elementor-top-column elementor-element elementor-element-5aaceff\" data-id=\"5aaceff\" data-element_type=\"column\" data-e-type=\"column\">\n\t\t\t<div class=\"elementor-widget-wrap elementor-element-populated\">\n\t\t\t\t\t\t<div class=\"elementor-element elementor-element-7065dc0 elementor-widget elementor-widget-spacer\" data-id=\"7065dc0\" data-element_type=\"widget\" data-e-type=\"widget\" data-widget_type=\"spacer.default\">\n\t\t\t\t<div class=\"elementor-widget-container\">\n\t\t\t\t\t\t\t<div class=\"elementor-spacer\">\n\t\t\t<div class=\"elementor-spacer-inner\"><\/div>\n\t\t<\/div>\n\t\t\t\t\t\t<\/div>\n\t\t\t\t<\/div>\n\t\t\t\t<div class=\"elementor-element elementor-element-966f7b7 elementor-align-left elementor-widget elementor-widget-button\" data-id=\"966f7b7\" data-element_type=\"widget\" data-e-type=\"widget\" data-widget_type=\"button.default\">\n\t\t\t\t<div class=\"elementor-widget-container\">\n\t\t\t\t\t\t\t\t\t<div class=\"elementor-button-wrapper\">\n\t\t\t\t\t<a class=\"elementor-button elementor-button-link elementor-size-sm\" href=\"https:\/\/www.ermco-eci.com\/about-us\/our-leadership-sales-team\/\" id=\"back\">\n\t\t\t\t\t\t<span class=\"elementor-button-content-wrapper\">\n\t\t\t\t\t\t\t\t\t<span class=\"elementor-button-text\">&lt; Back<\/span>\n\t\t\t\t\t<\/span>\n\t\t\t\t\t<\/a>\n\t\t\t\t<\/div>\n\t\t\t\t\t\t\t\t<\/div>\n\t\t\t\t<\/div>\n\t\t\t\t<div class=\"elementor-element elementor-element-06f0e3c elementor-widget elementor-widget-spacer\" data-id=\"06f0e3c\" data-element_type=\"widget\" data-e-type=\"widget\" data-widget_type=\"spacer.default\">\n\t\t\t\t<div class=\"elementor-widget-container\">\n\t\t\t\t\t\t\t<div class=\"elementor-spacer\">\n\t\t\t<div class=\"elementor-spacer-inner\"><\/div>\n\t\t<\/div>\n\t\t\t\t\t\t<\/div>\n\t\t\t\t<\/div>\n\t\t\t\t\t<\/div>\n\t\t<\/div>\n\t\t\t\t<div class=\"elementor-column elementor-col-33 elementor-top-column elementor-element elementor-element-3823db5\" data-id=\"3823db5\" data-element_type=\"column\" data-e-type=\"column\">\n\t\t\t<div class=\"elementor-widget-wrap\">\n\t\t\t\t\t\t\t<\/div>\n\t\t<\/div>\n\t\t\t\t\t<\/div>\n\t\t<\/section>\n\t\t\t\t<\/div>\n\t\t","protected":false},"excerpt":{"rendered":"<p>John Hammerle Chief Legal Officer and General Counsel John Hammerle a rejoint ERMCO en septembre 2024 en tant que Chief Legal Officer et General Counsel de l'entreprise. Avec 20 ans d'exp\u00e9rience juridique dans des cabinets d'avocats nationaux et des entreprises, M. Hammerle apporte une grande expertise \u00e0 ERMCO. Ses domaines de comp\u00e9tence comprennent le contentieux commercial, la m\u00e9diation, l'arbitrage, le droit du travail, la gestion des ressources humaines et la gestion des risques.<a class=\"more-link\" href=\"https:\/\/www.ermco-eci.com\/fr\/john-hammerle\/\">Poursuivre la lecture <span class=\"screen-reader-text\">\"John Hammerle<\/span><\/a><\/p>","protected":false},"author":202187112,"featured_media":0,"parent":0,"menu_order":0,"comment_status":"closed","ping_status":"closed","template":"","meta":{"om_disable_all_campaigns":false,"_monsterinsights_skip_tracking":false,"_monsterinsights_sitenote_active":false,"_monsterinsights_sitenote_note":"","_monsterinsights_sitenote_category":0,"_uf_show_specific_survey":0,"_uf_disable_surveys":false,"footnotes":""},"class_list":["post-35689","page","type-page","status-publish","hentry","entry"],"aioseo_notices":[],"jetpack_likes_enabled":false,"jetpack_sharing_enabled":true,"jetpack_shortlink":"https:\/\/wp.me\/Pg158y-9hD","_links":{"self":[{"href":"https:\/\/www.ermco-eci.com\/fr\/wp-json\/wp\/v2\/pages\/35689","targetHints":{"allow":["GET"]}}],"collection":[{"href":"https:\/\/www.ermco-eci.com\/fr\/wp-json\/wp\/v2\/pages"}],"about":[{"href":"https:\/\/www.ermco-eci.com\/fr\/wp-json\/wp\/v2\/types\/page"}],"author":[{"embeddable":true,"href":"https:\/\/www.ermco-eci.com\/fr\/wp-json\/wp\/v2\/users\/202187112"}],"replies":[{"embeddable":true,"href":"https:\/\/www.ermco-eci.com\/fr\/wp-json\/wp\/v2\/comments?post=35689"}],"version-history":[{"count":15,"href":"https:\/\/www.ermco-eci.com\/fr\/wp-json\/wp\/v2\/pages\/35689\/revisions"}],"predecessor-version":[{"id":38506,"href":"https:\/\/www.ermco-eci.com\/fr\/wp-json\/wp\/v2\/pages\/35689\/revisions\/38506"}],"wp:attachment":[{"href":"https:\/\/www.ermco-eci.com\/fr\/wp-json\/wp\/v2\/media?parent=35689"}],"curies":[{"name":"wp","href":"https:\/\/api.w.org\/{rel}","templated":true}]}}