{"id":870,"date":"2021-03-16T19:41:15","date_gmt":"2021-03-17T00:41:15","guid":{"rendered":"https:\/\/ermco-eci.com\/?page_id=870"},"modified":"2026-02-18T12:25:22","modified_gmt":"2026-02-18T18:25:22","slug":"our-people","status":"publish","type":"page","link":"https:\/\/www.ermco-eci.com\/fr\/about-us\/our-people\/","title":{"rendered":"Notre \u00e9quipe"},"content":{"rendered":"<h2>Investir dans l'\u00e9ducation<\/h2>\n<p>\t\t\t\t\t\t\texplorez nos contributions<br \/>\n\t\t\t\t\t\t\t\t\t<button type=\"button\" data-dismiss=\"premium-modal\">\u00d7<\/button><\/p>\n<p><a href=\"https:\/\/ermco-eci.com\/wp-content\/uploads\/2021\/09\/DCHS-College-and-Career-Fair-2019.pdf\" target=\"_blank\" rel=\"noopener\">Salon de l'enseignement sup\u00e9rieur et des carri\u00e8res du DCHS<\/a><\/p>\n<p><a href=\"https:\/\/ermco-eci.com\/wp-content\/uploads\/2021\/09\/Dyersburg-Police-Department-Firearms-Training-Simulator-2018.pdf\" target=\"_blank\" rel=\"noopener\">D\u00e9partement de la police de Dyersburg<\/a><\/p>\n<p><a href=\"https:\/\/ermco-eci.com\/wp-content\/uploads\/2021\/09\/DFD-In-Service-Training-2015.pdf\" target=\"_blank\" rel=\"noopener\">Service d'incendie de Dyersburg<\/a><\/p>\n<p><a href=\"https:\/\/ermco-eci.com\/wp-content\/uploads\/2021\/09\/DSCC-TN-Reconnect-Techincal-Courses-2018.pdf\" target=\"_blank\" rel=\"noopener\">DSCC TN Reconnect<\/a><\/p>\n<p><a href=\"https:\/\/ermco-eci.com\/wp-content\/uploads\/2021\/09\/McIvers-Grant-Public-Library-2011.pdf\" target=\"_blank\" rel=\"noopener\">Biblioth\u00e8que publique de McIver's Grant<\/a><\/p>\n<p><a href=\"https:\/\/ermco-eci.com\/wp-content\/uploads\/2021\/09\/Welding-Program-2019.jpg\" target=\"_blank\" rel=\"noopener\">Programme de formation en soudage pour les \u00e9l\u00e8ves du secondaire<\/a><\/p>\n<p><a href=\"https:\/\/ermco-eci.com\/wp-content\/uploads\/2021\/09\/TN-Rehabilitation-Center-Community-Support-Award-2010.pdf\" target=\"_blank\" rel=\"noopener\">Centre de r\u00e9habilitation du Tennessee<\/a><\/p>\n<p><a href=\"https:\/\/ermco-eci.com\/wp-content\/uploads\/2021\/09\/DHS-Career-Fair-2019.jpg\" target=\"_blank\" rel=\"noopener\">Salon de l'emploi du DHS<\/a><\/p>\n<p><a href=\"https:\/\/ermco-eci.com\/wp-content\/uploads\/2021\/09\/DHS-Manufacturing-Day-2019.jpg\" target=\"_blank\" rel=\"noopener\">Journ\u00e9e de la fabrication du DHS<\/a><\/p>\n<p><a href=\"https:\/\/ermco-eci.com\/wp-content\/uploads\/2021\/09\/Dyersburg-Police-Department-Firearms-Training-Simulator-2018.pdf\" target=\"_blank\" rel=\"noopener\">D\u00e9partement de la police de Dyersburg<\/a><\/p>\n<p>\t\t\t\t\t\t\t<button type=\"button\" data-dismiss=\"premium-modal\"><br \/>\n\t\t\t\t\t\t\t\tFermer\t\t\t\t\t\t\t<\/button><\/p>\n<h2>Soutenir nos anciens combattants<\/h2>\n<p>\t\t\t\t\t\t\texplorez nos contributions<br \/>\n\t\t\t\t\t\t\t\t\t<button type=\"button\" data-dismiss=\"premium-modal\">\u00d7<\/button><\/p>\n<p><a href=\"https:\/\/ermco-eci.com\/wp-content\/uploads\/2021\/09\/National-Guard-Award-2019.jpg\" target=\"_blank\" rel=\"noopener\">Prix de l'employeur patriotique de la Garde nationale<\/a><\/p>\n<p>\t\t\t\t\t\t\t<button type=\"button\" data-dismiss=\"premium-modal\"><br \/>\n\t\t\t\t\t\t\t\tFermer\t\t\t\t\t\t\t<\/button><\/p>\n<h2>Impacter notre communaut\u00e9<\/h2>\n<p>\t\t\t\t\t\t\tD\u00c9COUVREZ NOS CONTRIBUTIONS\t\t\t\t\t\t<\/p>\n<p>Voici quelques-unes de nos initiatives de sensibilisation de la communaut\u00e9 et de nos contributions financi\u00e8res : Alpha Kappa Alpha, American Cancer Society, Black Oak Elementary, Boy Scout Troop 19 TSC, Bruce Community Center, Carl Perkins Center, Caruthersville Recreation, Community Cancer Fund, Crockett County High School, Delta Sigma Theta, Dream Factory, Dyer County 4-H, Dyer County Fair, Dyer County Fire Department, Dyersburg City and County Schools, Dyersburg Activity Center, Dyersburg Fire Department, Dyersburg State Community College, Dyersburg\/Dyer County Humane Society, Dyersburg\/Dyer County Union Mission, Gibson County Schools, Hall High School, Halls Parks &amp; Recreation, Lake County Middle and High Schools, Lara Kendall Elementary School, National Wildlife Federation, Newbern Library Foundation, Newbern Rotary and Saddle Clubs, Obion County Central High School, Power Play Scholarship Association, Reelfoot Rural Ministries, Arm\u00e9e du Salut, Shriners Children's Hospital, St. Jude Children's Research, Tennessee Rehabilitation, Transitions, Trimble PD Drug Free Program, Union City High School, United Way, Winshape Camps for Communities, YMCA, plusieurs \u00e9glises et \u00e9quipes sportives de jeunes.<\/p>\n<p>Articles de journaux locaux et bulletins d'information d'entreprises :<\/p>\n<p><a href=\"https:\/\/www.electric.coop\/hurricane-ida-tracking-the-co-op-response\" target=\"_blank\" rel=\"noopener\">Ouragan Ida : Suivi de la r\u00e9action des coop\u00e9ratives (septembre 2021)<\/a><\/p>\n<p><a href=\"https:\/\/ermco-eci.com\/wp-content\/uploads\/2021\/09\/Newbern-Depot-Days-2021.pdf\" target=\"_blank\" rel=\"noopener\">Journ\u00e9es du d\u00e9p\u00f4t de Newbern<\/a><\/p>\n<p><a href=\"https:\/\/ermco-eci.com\/wp-content\/uploads\/2021\/09\/Union-Mission-2020.pdf\" target=\"_blank\" rel=\"noopener\">New Life Union Mission<\/a><\/p>\n<p><a href=\"https:\/\/ermco-eci.com\/wp-content\/uploads\/2021\/09\/168th-Military-Police-Batallion-2020.pdf\" target=\"_blank\" rel=\"noopener\">168e bataillon de police militaire<\/a><\/p>\n<p><a href=\"https:\/\/ermco-eci.com\/wp-content\/uploads\/2021\/09\/FCC-Dyersburg-Concert-Ministry-2021.pdf\" target=\"_blank\" rel=\"noopener\">FCC Dyersburg Concert Ministry<\/a><\/p>\n<p><a href=\"https:\/\/ermco-eci.com\/wp-content\/uploads\/2021\/09\/Dyer-County-Relay-for-Life-2021.pdf\" target=\"_blank\" rel=\"noopener\">Dyer County Relay for Life (annuel)<\/a><\/p>\n<p><a href=\"https:\/\/ermco-eci.com\/wp-content\/uploads\/2021\/09\/Relay-for-Life-Quilt-Auction.jpg\" target=\"_blank\" rel=\"noopener\">Vente aux ench\u00e8res de courtepointes du Relais pour la vie<\/a><\/p>\n<p><a href=\"https:\/\/ermco-eci.com\/wp-content\/uploads\/2021\/09\/Transitions-12-Days-of-Christmas-2021.pdf\" target=\"_blank\" rel=\"noopener\">Transitions of Dyer County (annuel)<\/a><\/p>\n<p><a href=\"https:\/\/ermco-eci.com\/wp-content\/uploads\/2021\/09\/Dyer-County-Volunteers-500-Meals-2020.pdf\" target=\"_blank\" rel=\"noopener\">Volontaires du comt\u00e9 de Dyer<\/a><\/p>\n<p><a href=\"https:\/\/ermco-eci.com\/wp-content\/uploads\/2021\/09\/Covid-19-Assistance-2020-1.jpg\" target=\"_blank\" rel=\"noopener\">Assistance communautaire Covid-19<\/a><\/p>\n<p><a href=\"https:\/\/ermco-eci.com\/wp-content\/uploads\/2021\/09\/DCHS-College-and-Career-Fair-2019.pdf\" target=\"_blank\" rel=\"noopener\">Salon de l'enseignement sup\u00e9rieur et des carri\u00e8res du DCHS<\/a><\/p>\n<p><a href=\"https:\/\/ermco-eci.com\/wp-content\/uploads\/2021\/09\/Dyersburg-Activity-Center-Kids-Softball-Team-2019.pdf\" target=\"_blank\" rel=\"noopener\">Centre d'activit\u00e9s de Dyersburg<\/a><\/p>\n<p><a href=\"https:\/\/ermco-eci.com\/wp-content\/uploads\/2021\/09\/Dyer-County-Youth-Basketball-Team-2019.pdf\" target=\"_blank\" rel=\"noopener\">Basket-ball des jeunes du comt\u00e9 de Dyer<\/a><\/p>\n<p><a href=\"https:\/\/ermco-eci.com\/wp-content\/uploads\/2021\/09\/DFD-In-Service-Training-2015.pdf\" target=\"_blank\" rel=\"noopener\">Service d'incendie de Dyersburg<\/a><\/p>\n<p><a href=\"https:\/\/ermco-eci.com\/wp-content\/uploads\/2021\/09\/Dyersburg-Police-Department-Firearms-Training-Simulator-2018.pdf\" target=\"_blank\" rel=\"noopener\">D\u00e9partement de la police de Dyersburg<\/a><\/p>\n<p><a href=\"https:\/\/ermco-eci.com\/wp-content\/uploads\/2021\/09\/DSCC-TN-Reconnect-Techincal-Courses-2018.pdf\" target=\"_blank\" rel=\"noopener\">DSCC et TN Reconnect<\/a><\/p>\n<p><a href=\"https:\/\/ermco-eci.com\/wp-content\/uploads\/2021\/09\/Main-Street-Dyersburg-Downtown-Development-Board-2018.pdf\" target=\"_blank\" rel=\"noopener\">Main Street Dyersburg Downtown Development Board (Conseil de d\u00e9veloppement du centre-ville)<\/a><\/p>\n<p><a href=\"https:\/\/ermco-eci.com\/wp-content\/uploads\/2021\/09\/McIvers-Grant-Public-Library-2011.pdf\" target=\"_blank\" rel=\"noopener\">Biblioth\u00e8que publique de McIver's Grant<\/a><\/p>\n<p><a href=\"https:\/\/ermco-eci.com\/wp-content\/uploads\/2021\/09\/Dyer-County-Community-Cancer-Fund-2020.jpg\" target=\"_blank\" rel=\"noopener\">Fonds communautaire de lutte contre le cancer du comt\u00e9 de Dyer<\/a><\/p>\n<p>Paniers-cadeaux ERMCO pour les familles dans le besoin<\/p>\n<p><a href=\"https:\/\/ermco-eci.com\/wp-content\/uploads\/2021\/09\/Gift-Baskets-2015.jpg\" target=\"_blank\" rel=\"noopener\">2015<\/a><\/p>\n<p><a href=\"https:\/\/ermco-eci.com\/wp-content\/uploads\/2021\/09\/Gift-Baskets-2016.jpg\" target=\"_blank\" rel=\"noopener\">2016<\/a><\/p>\n<p><a href=\"https:\/\/ermco-eci.com\/wp-content\/uploads\/2021\/09\/Gift-Baskets-2017.jpg\" target=\"_blank\" rel=\"noopener\">2017<\/a><\/p>\n<p><a href=\"https:\/\/ermco-eci.com\/wp-content\/uploads\/2021\/09\/Silent-Auction-2018.jpg\" target=\"_blank\" rel=\"noopener\">2018<\/a><\/p>\n<p><a href=\"https:\/\/ermco-eci.com\/wp-content\/uploads\/2021\/09\/Bikes-for-Bart-2021.jpg\" target=\"_blank\" rel=\"noopener\">Des v\u00e9los pour Bart<\/a><\/p>\n<p><a href=\"https:\/\/ermco-eci.com\/wp-content\/uploads\/2021\/09\/DCHS-College-and-Career-Fair-2019.pdf\" target=\"_blank\" rel=\"noopener\">Salon de l'enseignement sup\u00e9rieur et des carri\u00e8res du DCHS<\/a><\/p>\n<p><a href=\"https:\/\/ermco-eci.com\/wp-content\/uploads\/2021\/09\/Dyersburg-Police-Department-Firearms-Training-Simulator-2018.pdf\" target=\"_blank\" rel=\"noopener\">D\u00e9partement de la police de Dyersburg<\/a><\/p>\n<p><a href=\"https:\/\/ermco-eci.com\/wp-content\/uploads\/2021\/09\/DSCC-TN-Reconnect-Techincal-Courses-2018.pdf\" target=\"_blank\" rel=\"noopener\">DSCC TN Reconnect<\/a><\/p>\n<p><a href=\"https:\/\/ermco-eci.com\/wp-content\/uploads\/2021\/09\/McIvers-Grant-Public-Library-2011.pdf\" target=\"_blank\" rel=\"noopener\">Biblioth\u00e8que publique de McIver's Grant<\/a><\/p>\n<p><a href=\"https:\/\/ermco-eci.com\/wp-content\/uploads\/2021\/09\/TN-Rehabilitation-Center-Community-Support-Award-2010.pdf\" target=\"_blank\" rel=\"noopener\">Centre de r\u00e9habilitation du Tennessee<\/a><\/p>\n<p><a href=\"https:\/\/ermco-eci.com\/wp-content\/uploads\/2021\/09\/DFD-In-Service-Training-2015.pdf\" target=\"_blank\" rel=\"noopener\">Service d'incendie de Dyersburg<\/a><\/p>\n<p><a href=\"https:\/\/www.tnmagazine.org\/transforming-power-lives\/\" target=\"_blank\" rel=\"noopener\">Transformer le pouvoir et les vies<\/a><\/p>\n<p>Chambre de commerce de Dyersburg\/Dyer County Grande industrie de l'ann\u00e9e<\/p>\n<p><a href=\"https:\/\/ermco-eci.com\/wp-content\/uploads\/2021\/09\/Dyersburg-Dyer-County-Chamber-of-Commerce-Large-Industry-of-the-Year.pdf\" target=\"_blank\" rel=\"noopener\">2015<\/a><\/p>\n<p>2014<\/p>\n<p><a href=\"https:\/\/ermco-eci.com\/wp-content\/uploads\/2021\/09\/Industry-of-the-Year-2012a.jpg\" target=\"_blank\" rel=\"noopener\">2012<\/a><\/p>\n<p><a href=\"https:\/\/ermco-eci.com\/wp-content\/uploads\/2021\/09\/Industry-of-the-Year-2012.jpg\" target=\"_blank\" rel=\"noopener\">2011<\/a><\/p>\n<p><a href=\"https:\/\/ermco-eci.com\/wp-content\/uploads\/2021\/09\/Relay-for-life-Premiere-Sponsor-2012.jpg\" target=\"_blank\" rel=\"noopener\">Prix du premier sponsor du Relais pour la vie<\/a><\/p>\n<p><a href=\"https:\/\/ermco-eci.com\/wp-content\/uploads\/2021\/09\/Environmental-Award-State-2012.jpg\" target=\"_blank\" rel=\"noopener\">Prix d'excellence environnementale de l'\u00c9tat du Tennessee<\/a><\/p>\n<p><a href=\"https:\/\/ermco-eci.com\/wp-content\/uploads\/2021\/09\/REA-2016-Best-In-Class-Award.jpg\" target=\"_blank\" rel=\"noopener\">Prix REA Best in Class<\/a><\/p>\n<p><a href=\"https:\/\/ermco-eci.com\/wp-content\/uploads\/2021\/09\/National-Guard-Award-2019.jpg\" target=\"_blank\" rel=\"noopener\">Prix de l'employeur patriotique de la Garde nationale<\/a><\/p>\n<p>\t\t\t\t\t\t\t<button type=\"button\" data-dismiss=\"premium-modal\"><br \/>\n\t\t\t\t\t\t\t\tFERMER\t\t\t\t\t\t\t<\/button><\/p>\n<h2>D\u00e9marrer avec les transformateurs de distribution ERMCO<br \/>\net ERMCO Components<\/h2>\n<p>Notre \u00e9quipe d\u00e9vou\u00e9e sert la communaut\u00e9 de mani\u00e8re d\u00e9sint\u00e9ress\u00e9e, surtout en cas de catastrophe naturelle, car nous connaissons l\u2019impact que nous avons sur la vie des gens.<\/p>\n<p>\t\t\t\t\t<a href=\"https:\/\/www.ermco-eci.com\/fr\/contact-us\/\"><br \/>\n\t\t\t\t\t\t\t\t\tCONTACTEZ-NOUS<br \/>\n\t\t\t\t\t<\/a><\/p>","protected":false},"excerpt":{"rendered":"<p>Le travail d'\u00e9quipe de nos employ\u00e9s essentiels est au c\u0153ur de 50 ann\u00e9es de croissance et de transformation. <\/p>","protected":false},"author":202187106,"featured_media":31632,"parent":3702,"menu_order":3,"comment_status":"closed","ping_status":"closed","template":"elementor_header_footer","meta":{"om_disable_all_campaigns":false,"_monsterinsights_skip_tracking":false,"_monsterinsights_sitenote_active":false,"_monsterinsights_sitenote_note":"","_monsterinsights_sitenote_category":0,"_uf_show_specific_survey":0,"_uf_disable_surveys":false,"footnotes":""},"class_list":["post-870","page","type-page","status-publish","has-post-thumbnail","hentry","entry"],"aioseo_notices":[],"jetpack_likes_enabled":false,"jetpack_sharing_enabled":true,"jetpack_shortlink":"https:\/\/wp.me\/Pg158y-e2","_links":{"self":[{"href":"https:\/\/www.ermco-eci.com\/fr\/wp-json\/wp\/v2\/pages\/870","targetHints":{"allow":["GET"]}}],"collection":[{"href":"https:\/\/www.ermco-eci.com\/fr\/wp-json\/wp\/v2\/pages"}],"about":[{"href":"https:\/\/www.ermco-eci.com\/fr\/wp-json\/wp\/v2\/types\/page"}],"author":[{"embeddable":true,"href":"https:\/\/www.ermco-eci.com\/fr\/wp-json\/wp\/v2\/users\/202187106"}],"replies":[{"embeddable":true,"href":"https:\/\/www.ermco-eci.com\/fr\/wp-json\/wp\/v2\/comments?post=870"}],"version-history":[{"count":107,"href":"https:\/\/www.ermco-eci.com\/fr\/wp-json\/wp\/v2\/pages\/870\/revisions"}],"predecessor-version":[{"id":38655,"href":"https:\/\/www.ermco-eci.com\/fr\/wp-json\/wp\/v2\/pages\/870\/revisions\/38655"}],"up":[{"embeddable":true,"href":"https:\/\/www.ermco-eci.com\/fr\/wp-json\/wp\/v2\/pages\/3702"}],"wp:featuredmedia":[{"embeddable":true,"href":"https:\/\/www.ermco-eci.com\/fr\/wp-json\/wp\/v2\/media\/31632"}],"wp:attachment":[{"href":"https:\/\/www.ermco-eci.com\/fr\/wp-json\/wp\/v2\/media?parent=870"}],"curies":[{"name":"wp","href":"https:\/\/api.w.org\/{rel}","templated":true}]}}