{"id":9324,"date":"2021-06-30T10:08:29","date_gmt":"2021-06-30T15:08:29","guid":{"rendered":"https:\/\/ermco-eci.com\/?page_id=9324"},"modified":"2026-02-18T09:58:12","modified_gmt":"2026-02-18T15:58:12","slug":"single-phase-polemount","status":"publish","type":"page","link":"https:\/\/www.ermco-eci.com\/fr\/ermco\/single-phase-polemount\/","title":{"rendered":"Montage sur poteau monophas\u00e9"},"content":{"rendered":"<div data-elementor-type=\"wp-page\" data-elementor-id=\"9324\" class=\"elementor elementor-9324\" data-elementor-settings=\"{&quot;ha_cmc_init_switcher&quot;:&quot;no&quot;}\" data-elementor-post-type=\"page\">\n\t\t\t\t\t\t<section class=\"elementor-section elementor-top-section elementor-element elementor-element-bea9762 elementor-section-boxed elementor-section-height-default elementor-section-height-default\" data-id=\"bea9762\" data-element_type=\"section\" data-e-type=\"section\" data-settings=\"{&quot;background_background&quot;:&quot;classic&quot;,&quot;_ha_eqh_enable&quot;:false}\">\n\t\t\t\t\t\t<div class=\"elementor-container elementor-column-gap-default\">\n\t\t\t\t\t<div class=\"elementor-column elementor-col-100 elementor-top-column elementor-element elementor-element-0caa6d1\" data-id=\"0caa6d1\" data-element_type=\"column\" data-e-type=\"column\" data-settings=\"{&quot;animation&quot;:&quot;none&quot;,&quot;animation_delay&quot;:200}\">\n\t\t\t<div class=\"elementor-widget-wrap elementor-element-populated\">\n\t\t\t\t\t\t<div class=\"elementor-element elementor-element-59049cd premium-title-color elementor-invisible elementor-widget elementor-widget-premium-addon-title\" data-id=\"59049cd\" data-element_type=\"widget\" data-e-type=\"widget\" data-settings=\"{&quot;_animation_tablet&quot;:&quot;none&quot;,&quot;_animation_mobile&quot;:&quot;none&quot;,&quot;_animation&quot;:&quot;fadeInUp&quot;,&quot;_animation_delay&quot;:500}\" data-widget_type=\"premium-addon-title.default\">\n\t\t\t\t<div class=\"elementor-widget-container\">\n\t\t\t\t\t\n\t\t<div class=\"premium-title-container style2\">\n\t\t\t<h3 class=\"premium-title-header premium-title-style2\">\n\t\t\t\t\n\t\t\t\t\n\t\t\t\t\t\t\t\t\t\t\t\t<span class=\"premium-title-text\">\n\t\t\t\t\tSimple PHASE\t\t\t\t<\/span>\n\t\t\t\t\t\n\t\t\t\t\t\t\t\t\n\t\t\t\t\t\t\t<\/h3>\n\n\t\t<\/div>\n\n\t\t\t\t\t\t<\/div>\n\t\t\t\t<\/div>\n\t\t\t\t<div class=\"elementor-element elementor-element-11c64f9 elementor-widget elementor-widget-button\" data-id=\"11c64f9\" data-element_type=\"widget\" data-e-type=\"widget\" data-widget_type=\"button.default\">\n\t\t\t\t<div class=\"elementor-widget-container\">\n\t\t\t\t\t\t\t\t\t<div class=\"elementor-button-wrapper\">\n\t\t\t\t\t<a class=\"elementor-button elementor-button-link elementor-size-sm\" href=\"https:\/\/www.ermco-eci.com\/fr\/ermco\/\" id=\"go-back\">\n\t\t\t\t\t\t<span class=\"elementor-button-content-wrapper\">\n\t\t\t\t\t\t<span class=\"elementor-button-icon\">\n\t\t\t\t<i aria-hidden=\"true\" class=\"hm hm-arrow-left\"><\/i>\t\t\t<\/span>\n\t\t\t\t\t\t\t\t\t<span class=\"elementor-button-text\">Retour<\/span>\n\t\t\t\t\t<\/span>\n\t\t\t\t\t<\/a>\n\t\t\t\t<\/div>\n\t\t\t\t\t\t\t\t<\/div>\n\t\t\t\t<\/div>\n\t\t\t\t\t<\/div>\n\t\t<\/div>\n\t\t\t\t\t<\/div>\n\t\t<\/section>\n\t\t\t\t<section class=\"elementor-section elementor-top-section elementor-element elementor-element-1d9aa11 elementor-section-boxed elementor-section-height-default elementor-section-height-default\" data-id=\"1d9aa11\" data-element_type=\"section\" data-e-type=\"section\" data-settings=\"{&quot;background_background&quot;:&quot;classic&quot;,&quot;_ha_eqh_enable&quot;:false}\">\n\t\t\t\t\t\t<div class=\"elementor-container elementor-column-gap-wide\">\n\t\t\t\t\t<div class=\"elementor-column elementor-col-50 elementor-top-column elementor-element elementor-element-3e5ffb2 animated-slow elementor-invisible\" data-id=\"3e5ffb2\" data-element_type=\"column\" data-e-type=\"column\" data-settings=\"{&quot;background_background&quot;:&quot;classic&quot;,&quot;animation&quot;:&quot;fadeInUp&quot;,&quot;animation_delay&quot;:600}\">\n\t\t\t<div class=\"elementor-widget-wrap elementor-element-populated\">\n\t\t\t\t\t\t<div class=\"elementor-element elementor-element-1bd7258 animated-slow elementor-widget elementor-widget-image\" data-id=\"1bd7258\" data-element_type=\"widget\" data-e-type=\"widget\" data-settings=\"{&quot;_animation&quot;:&quot;none&quot;}\" data-widget_type=\"image.default\">\n\t\t\t\t<div class=\"elementor-widget-container\">\n\t\t\t\t\t\t\t\t\t\t\t\t\t\t\t<img fetchpriority=\"high\" decoding=\"async\" data-attachment-id=\"24810\" data-permalink=\"https:\/\/www.ermco-eci.com\/fr\/600\/\" data-orig-file=\"https:\/\/www.ermco-eci.com\/wp-content\/uploads\/2021\/10\/600.jpg\" data-orig-size=\"640,500\" data-comments-opened=\"1\" data-image-meta=\"{&quot;aperture&quot;:&quot;8&quot;,&quot;credit&quot;:&quot;&quot;,&quot;camera&quot;:&quot;NIKON D300&quot;,&quot;caption&quot;:&quot;&quot;,&quot;created_timestamp&quot;:&quot;1371427200&quot;,&quot;copyright&quot;:&quot;&quot;,&quot;focal_length&quot;:&quot;70&quot;,&quot;iso&quot;:&quot;200&quot;,&quot;shutter_speed&quot;:&quot;0.01&quot;,&quot;title&quot;:&quot;&quot;,&quot;orientation&quot;:&quot;1&quot;}\" data-image-title=\"12-03-21 Single Phase Pad\" data-image-description=\"\" data-image-caption=\"\" data-medium-file=\"https:\/\/www.ermco-eci.com\/wp-content\/uploads\/2021\/10\/600-300x234.jpg\" data-large-file=\"https:\/\/www.ermco-eci.com\/wp-content\/uploads\/2021\/10\/600.jpg\" width=\"620\" height=\"484\" src=\"https:\/\/www.ermco-eci.com\/wp-content\/uploads\/2021\/10\/600.jpg\" class=\"attachment-large size-large wp-image-24810\" alt=\"\" srcset=\"https:\/\/www.ermco-eci.com\/wp-content\/uploads\/2021\/10\/600.jpg 640w, https:\/\/www.ermco-eci.com\/wp-content\/uploads\/2021\/10\/600-300x234.jpg 300w\" sizes=\"(max-width: 620px) 100vw, 620px\" \/>\t\t\t\t\t\t\t\t\t\t\t\t\t\t\t<\/div>\n\t\t\t\t<\/div>\n\t\t\t\t\t<\/div>\n\t\t<\/div>\n\t\t\t\t<div class=\"elementor-column elementor-col-50 elementor-top-column elementor-element elementor-element-fd6b993 animated-slow elementor-invisible\" data-id=\"fd6b993\" data-element_type=\"column\" data-e-type=\"column\" data-settings=\"{&quot;animation&quot;:&quot;fadeInUp&quot;,&quot;animation_delay&quot;:600}\">\n\t\t\t<div class=\"elementor-widget-wrap elementor-element-populated\">\n\t\t\t\t\t\t<div class=\"elementor-element elementor-element-156aa3f elementor-widget elementor-widget-toggle\" data-id=\"156aa3f\" data-element_type=\"widget\" data-e-type=\"widget\" data-widget_type=\"toggle.default\">\n\t\t\t\t<div class=\"elementor-widget-container\">\n\t\t\t\t\t\t\t<div class=\"elementor-toggle\">\n\t\t\t\t\t\t\t<div class=\"elementor-toggle-item\">\n\t\t\t\t\t<div id=\"elementor-tab-title-2241\" class=\"elementor-tab-title\" data-tab=\"1\" role=\"button\" aria-controls=\"elementor-tab-content-2241\" aria-expanded=\"false\">\n\t\t\t\t\t\t\t\t\t\t\t\t<span class=\"elementor-toggle-icon elementor-toggle-icon-left\" aria-hidden=\"true\">\n\t\t\t\t\t\t\t\t\t\t\t\t\t\t\t<span class=\"elementor-toggle-icon-closed\"><i class=\"fas fa-caret-right\"><\/i><\/span>\n\t\t\t\t\t\t\t\t<span class=\"elementor-toggle-icon-opened\"><i class=\"elementor-toggle-icon-opened fas fa-caret-up\"><\/i><\/span>\n\t\t\t\t\t\t\t\t\t\t\t\t\t<\/span>\n\t\t\t\t\t\t\t\t\t\t\t\t<a class=\"elementor-toggle-title\" tabindex=\"0\">Valeurs nominales et KVA<\/a>\n\t\t\t\t\t<\/div>\n\n\t\t\t\t\t<div id=\"elementor-tab-content-2241\" class=\"elementor-tab-content elementor-clearfix\" data-tab=\"1\" role=\"region\" aria-labelledby=\"elementor-tab-title-2241\"><ul><li>Les calibres sont disponibles de 1\/2 \u00e0 250 kVA avec des tensions primaires de 2,4 kV \u00e0 34,5 kV (150 kV BIL) et des tensions secondaires jusqu'\u00e0 600 volts.<\/li><li>Les transformateurs abaisseurs sont disponibles de 25 \u00e0 50 kVA avec des tensions primaires de 2,4 kV \u00e0 34,5 kV (150 kV BIL) et des tensions basses de 2,4 \u00e0 14,4 kV (125 kV BIL).<\/li><\/ul><\/div>\n\t\t\t\t<\/div>\n\t\t\t\t\t\t\t<div class=\"elementor-toggle-item\">\n\t\t\t\t\t<div id=\"elementor-tab-title-2242\" class=\"elementor-tab-title\" data-tab=\"2\" role=\"button\" aria-controls=\"elementor-tab-content-2242\" aria-expanded=\"false\">\n\t\t\t\t\t\t\t\t\t\t\t\t<span class=\"elementor-toggle-icon elementor-toggle-icon-left\" aria-hidden=\"true\">\n\t\t\t\t\t\t\t\t\t\t\t\t\t\t\t<span class=\"elementor-toggle-icon-closed\"><i class=\"fas fa-caret-right\"><\/i><\/span>\n\t\t\t\t\t\t\t\t<span class=\"elementor-toggle-icon-opened\"><i class=\"elementor-toggle-icon-opened fas fa-caret-up\"><\/i><\/span>\n\t\t\t\t\t\t\t\t\t\t\t\t\t<\/span>\n\t\t\t\t\t\t\t\t\t\t\t\t<a class=\"elementor-toggle-title\" tabindex=\"0\">Offres de KVA et de tension standard<\/a>\n\t\t\t\t\t<\/div>\n\n\t\t\t\t\t<div id=\"elementor-tab-content-2242\" class=\"elementor-tab-content elementor-clearfix\" data-tab=\"2\" role=\"region\" aria-labelledby=\"elementor-tab-title-2242\"><ul><li>Toutes les configurations de robinets standard sont disponibles.<\/li><li>Double tension disponible dans la plupart des combinaisons.<\/li><li>Double tension avec prises en s\u00e9rie uniquement.<\/li><li>Double tension : le BIL le plus \u00e9lev\u00e9 s'applique aux deux tensions.<\/li><li>D'autres tensions peuvent \u00eatre disponibles, consulter l'usine.<\/li><li>Des options d'imp\u00e9dance et de perte sont disponibles dans la plupart des mod\u00e8les.<\/li><\/ul><p><strong><a href=\"https:\/\/ermco-eci.com\/wp-content\/uploads\/2021\/09\/SP-Pole-kVA-Ratings.jpg\" target=\"_blank\" rel=\"noopener\">Tableau des valeurs kva<\/a><\/strong><\/p><\/div>\n\t\t\t\t<\/div>\n\t\t\t\t\t\t\t<div class=\"elementor-toggle-item\">\n\t\t\t\t\t<div id=\"elementor-tab-title-2243\" class=\"elementor-tab-title\" data-tab=\"3\" role=\"button\" aria-controls=\"elementor-tab-content-2243\" aria-expanded=\"false\">\n\t\t\t\t\t\t\t\t\t\t\t\t<span class=\"elementor-toggle-icon elementor-toggle-icon-left\" aria-hidden=\"true\">\n\t\t\t\t\t\t\t\t\t\t\t\t\t\t\t<span class=\"elementor-toggle-icon-closed\"><i class=\"fas fa-caret-right\"><\/i><\/span>\n\t\t\t\t\t\t\t\t<span class=\"elementor-toggle-icon-opened\"><i class=\"elementor-toggle-icon-opened fas fa-caret-up\"><\/i><\/span>\n\t\t\t\t\t\t\t\t\t\t\t\t\t<\/span>\n\t\t\t\t\t\t\t\t\t\t\t\t<a class=\"elementor-toggle-title\" tabindex=\"0\">fonctionnalit\u00e9s<\/a>\n\t\t\t\t\t<\/div>\n\n\t\t\t\t\t<div id=\"elementor-tab-content-2243\" class=\"elementor-tab-content elementor-clearfix\" data-tab=\"3\" role=\"region\" aria-labelledby=\"elementor-tab-title-2243\"><p><strong>R\u00e9servoirs<\/strong>:<\/p><ul><li><span dir=\"ltr\" role=\"presentation\">Les soudures externes sont de type 100% pour plus de solidit\u00e9 et de r\u00e9sistance \u00e0 la corrosion.<\/span><\/li><li><span dir=\"ltr\" role=\"presentation\">Les oreilles de levage permettent de soulever l'\u00e9lingue alors que l'unit\u00e9 est toujours attach\u00e9e \u00e0 la palette.<\/span><\/li><li><span dir=\"ltr\" role=\"presentation\">La soudure du fond du r\u00e9servoir est encastr\u00e9e pour une protection accrue.<\/span><\/li><\/ul><p><strong>Bagues :<\/strong><\/p><ul><li><span dir=\"ltr\" role=\"presentation\">Fix\u00e9 par des \u00e9crous de serrage pour une pression uniforme.<\/span><\/li><li><span dir=\"ltr\" role=\"presentation\">Serr\u00e9s \u00e0 l'aide d'une cl\u00e9 dynamom\u00e9trique pour une performance constante et sans fuite.<\/span><\/li><li><span dir=\"ltr\" role=\"presentation\">Joints en caoutchouc nitrile pour une longue dur\u00e9e de vie.<\/span><\/li><\/ul><p><strong>Protection contre la corrosion :<\/strong><\/p><ul><li>Le mod\u00e8le 100% de la monture sur poteau re\u00e7oit une finition de peinture qui d\u00e9passe toutes les exigences de l'IEEE, y compris l'impact de 160 in-lb, le brouillard salin de 2000 heures, le QUV de 1000 heures et le SCAB de 20 cycles.<\/li><\/ul><p><a href=\"https:\/\/ermco-eci.com\/wp-content\/uploads\/2021\/11\/11-24-21-SP-Pole-Product-Range.jpg\" target=\"_blank\" rel=\"noopener\">Gamme de produits<\/a><\/p><p><a id=\"text-link\" href=\"https:\/\/ermco-eci.com\/wp-content\/uploads\/2021\/09\/SP-Pole-Optional-Product-Accessories.jpg\" target=\"_blank\" rel=\"noopener\">Accessoires optionnels<\/a><\/p><p><a href=\"https:\/\/ermco-eci.com\/wp-content\/uploads\/2021\/09\/SP-Pole-Optional-Equipment.jpg\" target=\"_blank\" rel=\"noopener\">\u00c9quipement en option<\/a><\/p><\/div>\n\t\t\t\t<\/div>\n\t\t\t\t\t\t\t<div class=\"elementor-toggle-item\">\n\t\t\t\t\t<div id=\"elementor-tab-title-2244\" class=\"elementor-tab-title\" data-tab=\"4\" role=\"button\" aria-controls=\"elementor-tab-content-2244\" aria-expanded=\"false\">\n\t\t\t\t\t\t\t\t\t\t\t\t<span class=\"elementor-toggle-icon elementor-toggle-icon-left\" aria-hidden=\"true\">\n\t\t\t\t\t\t\t\t\t\t\t\t\t\t\t<span class=\"elementor-toggle-icon-closed\"><i class=\"fas fa-caret-right\"><\/i><\/span>\n\t\t\t\t\t\t\t\t<span class=\"elementor-toggle-icon-opened\"><i class=\"elementor-toggle-icon-opened fas fa-caret-up\"><\/i><\/span>\n\t\t\t\t\t\t\t\t\t\t\t\t\t<\/span>\n\t\t\t\t\t\t\t\t\t\t\t\t<a class=\"elementor-toggle-title\" tabindex=\"0\">Qualit\u00e9 et garantie<\/a>\n\t\t\t\t\t<\/div>\n\n\t\t\t\t\t<div id=\"elementor-tab-content-2244\" class=\"elementor-tab-content elementor-clearfix\" data-tab=\"4\" role=\"region\" aria-labelledby=\"elementor-tab-title-2244\"><p><strong>Qualit\u00e9 et fiabilit\u00e9<\/strong><\/p><ul><li><a href=\"https:\/\/ermco-eci.com\/wp-content\/uploads\/2021\/08\/06-28-21-ERMCO_SRI-ISO-Certificate-061021-060924.pdf\" target=\"_blank\" rel=\"noopener\">ERMCO est une entreprise certifi\u00e9e ISO9001.<\/a><\/li><li>Tous les tests \u00e9lectriques sont conformes aux normes IEEE.<\/li><\/ul><p><strong>Garantie<\/strong><\/p><ul><li>Garantie de 3 ans sur le CSP.<\/li><li>Garantie de 2 ans sur les produits conventionnels.<\/li><li>La couverture comprend le transport aller-retour entre le quai d'exp\u00e9dition de l'acheteur et le centre de r\u00e9paration.<\/li><\/ul><\/div>\n\t\t\t\t<\/div>\n\t\t\t\t\t\t\t<div class=\"elementor-toggle-item\">\n\t\t\t\t\t<div id=\"elementor-tab-title-2245\" class=\"elementor-tab-title\" data-tab=\"5\" role=\"button\" aria-controls=\"elementor-tab-content-2245\" aria-expanded=\"false\">\n\t\t\t\t\t\t\t\t\t\t\t\t<span class=\"elementor-toggle-icon elementor-toggle-icon-left\" aria-hidden=\"true\">\n\t\t\t\t\t\t\t\t\t\t\t\t\t\t\t<span class=\"elementor-toggle-icon-closed\"><i class=\"fas fa-caret-right\"><\/i><\/span>\n\t\t\t\t\t\t\t\t<span class=\"elementor-toggle-icon-opened\"><i class=\"elementor-toggle-icon-opened fas fa-caret-up\"><\/i><\/span>\n\t\t\t\t\t\t\t\t\t\t\t\t\t<\/span>\n\t\t\t\t\t\t\t\t\t\t\t\t<a class=\"elementor-toggle-title\" tabindex=\"0\">Documentation<\/a>\n\t\t\t\t\t<\/div>\n\n\t\t\t\t\t<div id=\"elementor-tab-content-2245\" class=\"elementor-tab-content elementor-clearfix\" data-tab=\"5\" role=\"region\" aria-labelledby=\"elementor-tab-title-2245\"><p><a href=\"https:\/\/www.ermco-eci.com\/wp-content\/uploads\/2026\/01\/SPhPMnt-Final-1.pdf\">Tranformateur monophas\u00e9 sur m\u00e2t - Brochure<\/a><\/p><p><a href=\"https:\/\/www.ermco-eci.com\/wp-content\/uploads\/2021\/11\/11-04-21-Single-Phase-Pole-Instruction-Manual.pdf\">Transformateur monophas\u00e9 \u00e0 montage polaire Manuel d'instructions<\/a><\/p><\/div>\n\t\t\t\t<\/div>\n\t\t\t\t\t\t\t\t<\/div>\n\t\t\t\t\t\t<\/div>\n\t\t\t\t<\/div>\n\t\t\t\t\t<\/div>\n\t\t<\/div>\n\t\t\t\t\t<\/div>\n\t\t<\/section>\n\t\t\t\t<section class=\"elementor-section elementor-top-section elementor-element elementor-element-dede7db elementor-section-boxed elementor-section-height-default elementor-section-height-default\" data-id=\"dede7db\" data-element_type=\"section\" data-e-type=\"section\" data-settings=\"{&quot;_ha_eqh_enable&quot;:false}\">\n\t\t\t\t\t\t<div class=\"elementor-container elementor-column-gap-default\">\n\t\t\t\t\t\t<\/div>\n\t\t<\/section>\n\t\t\t\t<section class=\"elementor-section elementor-top-section elementor-element elementor-element-8bd5977 elementor-section-full_width elementor-section-height-default elementor-section-height-default\" data-id=\"8bd5977\" data-element_type=\"section\" data-e-type=\"section\" data-settings=\"{&quot;background_background&quot;:&quot;classic&quot;,&quot;_ha_eqh_enable&quot;:false}\">\n\t\t\t\t\t\t<div class=\"elementor-container elementor-column-gap-default\">\n\t\t\t\t\t<div class=\"elementor-column elementor-col-100 elementor-top-column elementor-element elementor-element-9f602aa\" data-id=\"9f602aa\" data-element_type=\"column\" data-e-type=\"column\">\n\t\t\t<div class=\"elementor-widget-wrap elementor-element-populated\">\n\t\t\t\t\t\t<div class=\"elementor-element elementor-element-3b1797b elementor-widget elementor-widget-spacer\" data-id=\"3b1797b\" data-element_type=\"widget\" data-e-type=\"widget\" data-widget_type=\"spacer.default\">\n\t\t\t\t<div class=\"elementor-widget-container\">\n\t\t\t\t\t\t\t<div class=\"elementor-spacer\">\n\t\t\t<div class=\"elementor-spacer-inner\"><\/div>\n\t\t<\/div>\n\t\t\t\t\t\t<\/div>\n\t\t\t\t<\/div>\n\t\t\t\t\t<\/div>\n\t\t<\/div>\n\t\t\t\t\t<\/div>\n\t\t<\/section>\n\t\t\t\t<section class=\"elementor-section elementor-top-section elementor-element elementor-element-412670f4 elementor-section-boxed elementor-section-height-default elementor-section-height-default\" data-id=\"412670f4\" data-element_type=\"section\" data-e-type=\"section\" data-settings=\"{&quot;background_background&quot;:&quot;classic&quot;,&quot;_ha_eqh_enable&quot;:false}\">\n\t\t\t\t\t\t\t<div class=\"elementor-background-overlay\"><\/div>\n\t\t\t\t\t\t\t<div class=\"elementor-container elementor-column-gap-default\">\n\t\t\t\t\t<div class=\"elementor-column elementor-col-50 elementor-top-column elementor-element elementor-element-21ea3030 animated-slow\" data-id=\"21ea3030\" data-element_type=\"column\" data-e-type=\"column\" data-settings=\"{&quot;animation&quot;:&quot;none&quot;}\">\n\t\t\t<div class=\"elementor-widget-wrap elementor-element-populated\">\n\t\t\t\t\t\t<div class=\"elementor-element elementor-element-4d065f78 elementor-position-left elementor-vertical-align-middle elementor-widget elementor-widget-image-box\" data-id=\"4d065f78\" data-element_type=\"widget\" data-e-type=\"widget\" data-widget_type=\"image-box.default\">\n\t\t\t\t<div class=\"elementor-widget-container\">\n\t\t\t\t\t<div class=\"elementor-image-box-wrapper\"><figure class=\"elementor-image-box-img\"><a href=\"https:\/\/www.ermco-eci.com\/fr\/eci\/\" tabindex=\"-1\"><img decoding=\"async\" data-attachment-id=\"35279\" data-permalink=\"https:\/\/www.ermco-eci.com\/fr\/ermco\/components-primary\/\" data-orig-file=\"https:\/\/www.ermco-eci.com\/wp-content\/uploads\/2025\/01\/Components-Primary.png\" data-orig-size=\"2765,683\" data-comments-opened=\"1\" data-image-meta=\"{&quot;aperture&quot;:&quot;0&quot;,&quot;credit&quot;:&quot;&quot;,&quot;camera&quot;:&quot;&quot;,&quot;caption&quot;:&quot;&quot;,&quot;created_timestamp&quot;:&quot;0&quot;,&quot;copyright&quot;:&quot;&quot;,&quot;focal_length&quot;:&quot;0&quot;,&quot;iso&quot;:&quot;0&quot;,&quot;shutter_speed&quot;:&quot;0&quot;,&quot;title&quot;:&quot;&quot;,&quot;orientation&quot;:&quot;0&quot;}\" data-image-title=\"Components-Primary\" data-image-description=\"\" data-image-caption=\"\" data-medium-file=\"https:\/\/www.ermco-eci.com\/wp-content\/uploads\/2025\/01\/Components-Primary-300x74.png\" data-large-file=\"https:\/\/www.ermco-eci.com\/wp-content\/uploads\/2025\/01\/Components-Primary-1024x253.png\" width=\"2765\" height=\"683\" src=\"https:\/\/www.ermco-eci.com\/wp-content\/uploads\/2025\/01\/Components-Primary.png\" class=\"attachment-full size-full wp-image-35279\" alt=\"\" srcset=\"https:\/\/www.ermco-eci.com\/wp-content\/uploads\/2025\/01\/Components-Primary.png 2765w, https:\/\/www.ermco-eci.com\/wp-content\/uploads\/2025\/01\/Components-Primary-300x74.png 300w, https:\/\/www.ermco-eci.com\/wp-content\/uploads\/2025\/01\/Components-Primary-1024x253.png 1024w, https:\/\/www.ermco-eci.com\/wp-content\/uploads\/2025\/01\/Components-Primary-768x190.png 768w, https:\/\/www.ermco-eci.com\/wp-content\/uploads\/2025\/01\/Components-Primary-1536x379.png 1536w, https:\/\/www.ermco-eci.com\/wp-content\/uploads\/2025\/01\/Components-Primary-2048x506.png 2048w, https:\/\/www.ermco-eci.com\/wp-content\/uploads\/2025\/01\/Components-Primary-1568x387.png 1568w\" sizes=\"(max-width: 2765px) 100vw, 2765px\" \/><\/a><\/figure><\/div>\t\t\t\t<\/div>\n\t\t\t\t<\/div>\n\t\t\t\t\t<\/div>\n\t\t<\/div>\n\t\t\t\t<div class=\"elementor-column elementor-col-50 elementor-top-column elementor-element elementor-element-2d143157 animated-slow elementor-invisible\" data-id=\"2d143157\" data-element_type=\"column\" data-e-type=\"column\" data-settings=\"{&quot;animation&quot;:&quot;fadeInUp&quot;}\">\n\t\t\t<div class=\"elementor-widget-wrap elementor-element-populated\">\n\t\t\t\t\t\t<div class=\"elementor-element elementor-element-570661d7 elementor-widget elementor-widget-heading\" data-id=\"570661d7\" data-element_type=\"widget\" data-e-type=\"widget\" data-widget_type=\"heading.default\">\n\t\t\t\t<div class=\"elementor-widget-container\">\n\t\t\t\t\t<h3 class=\"elementor-heading-title elementor-size-default\">D\u00e9couvrez notre gamme compl\u00e8te de produits<\/h3>\t\t\t\t<\/div>\n\t\t\t\t<\/div>\n\t\t\t\t<div class=\"elementor-element elementor-element-23483e9 elementor-widget elementor-widget-text-editor\" data-id=\"23483e9\" data-element_type=\"widget\" data-e-type=\"widget\" data-widget_type=\"text-editor.default\">\n\t\t\t\t<div class=\"elementor-widget-container\">\n\t\t\t\t\t\t\t\t\t<p>D\u00e9couvrez d\u00e8s aujourd'hui notre s\u00e9lection compl\u00e8te de composants, notamment des fusibles d'expulsion, des interrupteurs de d\u00e9connexion de parafoudre, des travers\u00e9es, des accessoires de produits et des disjoncteurs.<\/p>\t\t\t\t\t\t\t\t<\/div>\n\t\t\t\t<\/div>\n\t\t\t\t<div class=\"elementor-element elementor-element-26480b12 elementor-widget elementor-widget-button\" data-id=\"26480b12\" data-element_type=\"widget\" data-e-type=\"widget\" data-widget_type=\"button.default\">\n\t\t\t\t<div class=\"elementor-widget-container\">\n\t\t\t\t\t\t\t\t\t<div class=\"elementor-button-wrapper\">\n\t\t\t\t\t<a class=\"elementor-button elementor-button-link elementor-size-sm\" href=\"https:\/\/www.ermco-eci.com\/fr\/transformer-components-new\/\">\n\t\t\t\t\t\t<span class=\"elementor-button-content-wrapper\">\n\t\t\t\t\t\t\t\t\t<span class=\"elementor-button-text\">APPRENDRE ENCORE PLUS<\/span>\n\t\t\t\t\t<\/span>\n\t\t\t\t\t<\/a>\n\t\t\t\t<\/div>\n\t\t\t\t\t\t\t\t<\/div>\n\t\t\t\t<\/div>\n\t\t\t\t\t<\/div>\n\t\t<\/div>\n\t\t\t\t\t<\/div>\n\t\t<\/section>\n\t\t\t\t<section class=\"elementor-section elementor-top-section elementor-element elementor-element-3ae01e0c elementor-section-boxed elementor-section-height-default elementor-section-height-default\" data-id=\"3ae01e0c\" data-element_type=\"section\" data-e-type=\"section\" data-settings=\"{&quot;background_background&quot;:&quot;classic&quot;,&quot;_ha_eqh_enable&quot;:false}\">\n\t\t\t\t\t\t<div class=\"elementor-container elementor-column-gap-default\">\n\t\t\t\t\t<div class=\"elementor-column elementor-col-100 elementor-top-column elementor-element elementor-element-167e3478\" data-id=\"167e3478\" data-element_type=\"column\" data-e-type=\"column\">\n\t\t\t<div class=\"elementor-widget-wrap elementor-element-populated\">\n\t\t\t\t\t\t<div class=\"elementor-element elementor-element-1f6116ce elementor-widget elementor-widget-heading\" data-id=\"1f6116ce\" data-element_type=\"widget\" data-e-type=\"widget\" data-widget_type=\"heading.default\">\n\t\t\t\t<div class=\"elementor-widget-container\">\n\t\t\t\t\t<h2 class=\"elementor-heading-title elementor-size-default\">D\u00e9couvrez les transformateurs de distribution ERMCO et les composants ERMCO<\/h2>\t\t\t\t<\/div>\n\t\t\t\t<\/div>\n\t\t\t\t<div class=\"elementor-element elementor-element-3bddc5db elementor-widget elementor-widget-text-editor\" data-id=\"3bddc5db\" data-element_type=\"widget\" data-e-type=\"widget\" data-widget_type=\"text-editor.default\">\n\t\t\t\t<div class=\"elementor-widget-container\">\n\t\t\t\t\t\t\t\t\t<p>Notre \u00e9quipe d\u00e9vou\u00e9e sert la communaut\u00e9 de mani\u00e8re d\u00e9sint\u00e9ress\u00e9e, surtout en cas de catastrophe naturelle, car nous connaissons l\u2019impact que nous avons sur la vie des gens.<\/p>\t\t\t\t\t\t\t\t<\/div>\n\t\t\t\t<\/div>\n\t\t\t\t<div class=\"elementor-element elementor-element-38540c6e elementor-widget elementor-widget-button\" data-id=\"38540c6e\" data-element_type=\"widget\" data-e-type=\"widget\" data-widget_type=\"button.default\">\n\t\t\t\t<div class=\"elementor-widget-container\">\n\t\t\t\t\t\t\t\t\t<div class=\"elementor-button-wrapper\">\n\t\t\t\t\t<a class=\"elementor-button elementor-button-link elementor-size-sm\" href=\"https:\/\/www.ermco-eci.com\/fr\/contact-us\/\">\n\t\t\t\t\t\t<span class=\"elementor-button-content-wrapper\">\n\t\t\t\t\t\t\t\t\t<span class=\"elementor-button-text\">CONTACTEZ-NOUS<\/span>\n\t\t\t\t\t<\/span>\n\t\t\t\t\t<\/a>\n\t\t\t\t<\/div>\n\t\t\t\t\t\t\t\t<\/div>\n\t\t\t\t<\/div>\n\t\t\t\t\t<\/div>\n\t\t<\/div>\n\t\t\t\t\t<\/div>\n\t\t<\/section>\n\t\t\t\t<\/div>","protected":false},"excerpt":{"rendered":"<p>Les valeurs nominales et KVA des transformateurs de retour monophas\u00e9s sont disponibles de 1\/2 \u00e0 250 kVA avec des tensions primaires de 2,4 kV \u00e0 34,5 kV (150 kV BIL) et des tensions secondaires allant jusqu'\u00e0 600 volts. Les valeurs nominales des transformateurs abaisseurs sont disponibles de 25 \u00e0 50 kVA avec des tensions primaires de 2,4 kV \u00e0 34,5 kV (150 kV BIL).<a class=\"more-link\" href=\"https:\/\/www.ermco-eci.com\/fr\/ermco\/single-phase-polemount\/\">Poursuivre la lecture <span class=\"screen-reader-text\">\u201cMontage sur poteau monophas\u00e9\u201d<\/span><\/a><\/p>","protected":false},"author":202187106,"featured_media":24810,"parent":33161,"menu_order":2,"comment_status":"closed","ping_status":"closed","template":"","meta":{"om_disable_all_campaigns":false,"_monsterinsights_skip_tracking":false,"_monsterinsights_sitenote_active":false,"_monsterinsights_sitenote_note":"","_monsterinsights_sitenote_category":0,"_uf_show_specific_survey":0,"_uf_disable_surveys":false,"footnotes":""},"class_list":["post-9324","page","type-page","status-publish","has-post-thumbnail","hentry","entry"],"aioseo_notices":[],"jetpack_likes_enabled":false,"jetpack_sharing_enabled":true,"jetpack_shortlink":"https:\/\/wp.me\/Pg158y-2qo","_links":{"self":[{"href":"https:\/\/www.ermco-eci.com\/fr\/wp-json\/wp\/v2\/pages\/9324","targetHints":{"allow":["GET"]}}],"collection":[{"href":"https:\/\/www.ermco-eci.com\/fr\/wp-json\/wp\/v2\/pages"}],"about":[{"href":"https:\/\/www.ermco-eci.com\/fr\/wp-json\/wp\/v2\/types\/page"}],"author":[{"embeddable":true,"href":"https:\/\/www.ermco-eci.com\/fr\/wp-json\/wp\/v2\/users\/202187106"}],"replies":[{"embeddable":true,"href":"https:\/\/www.ermco-eci.com\/fr\/wp-json\/wp\/v2\/comments?post=9324"}],"version-history":[{"count":134,"href":"https:\/\/www.ermco-eci.com\/fr\/wp-json\/wp\/v2\/pages\/9324\/revisions"}],"predecessor-version":[{"id":38646,"href":"https:\/\/www.ermco-eci.com\/fr\/wp-json\/wp\/v2\/pages\/9324\/revisions\/38646"}],"up":[{"embeddable":true,"href":"https:\/\/www.ermco-eci.com\/fr\/wp-json\/wp\/v2\/pages\/33161"}],"wp:featuredmedia":[{"embeddable":true,"href":"https:\/\/www.ermco-eci.com\/fr\/wp-json\/wp\/v2\/media\/24810"}],"wp:attachment":[{"href":"https:\/\/www.ermco-eci.com\/fr\/wp-json\/wp\/v2\/media?parent=9324"}],"curies":[{"name":"wp","href":"https:\/\/api.w.org\/{rel}","templated":true}]}}